{"id":92,"date":"2023-10-31T11:01:03","date_gmt":"2023-10-31T10:01:03","guid":{"rendered":"https:\/\/aft-powders.com\/?page_id=92"},"modified":"2024-03-19T09:25:31","modified_gmt":"2024-03-19T08:25:31","slug":"rd","status":"publish","type":"page","link":"https:\/\/aft-powders.com\/sv\/rd\/","title":{"rendered":"Forskning &#038; Utveckling"},"content":{"rendered":"\t\t<div data-elementor-type=\"wp-page\" data-elementor-id=\"92\" class=\"elementor elementor-92\">\n\t\t\t\t\t\t<section class=\"elementor-section elementor-top-section elementor-element elementor-element-5579ec4 elementor-section-full_width elementor-section-height-min-height elementor-section-height-default elementor-section-items-middle\" data-id=\"5579ec4\" data-element_type=\"section\" data-settings=\"{&quot;background_background&quot;:&quot;classic&quot;}\">\n\t\t\t\t\t\t\t<div class=\"elementor-background-overlay\"><\/div>\n\t\t\t\t\t\t\t<div class=\"elementor-container elementor-column-gap-default\">\n\t\t\t\t\t<div class=\"elementor-column elementor-col-100 elementor-top-column elementor-element elementor-element-9322d71\" data-id=\"9322d71\" data-element_type=\"column\">\n\t\t\t<div class=\"elementor-widget-wrap elementor-element-populated\">\n\t\t\t\t\t\t<section class=\"elementor-section elementor-inner-section elementor-element elementor-element-f01ef91 elementor-section-boxed elementor-section-height-default elementor-section-height-default\" data-id=\"f01ef91\" data-element_type=\"section\">\n\t\t\t\t\t\t<div class=\"elementor-container elementor-column-gap-default\">\n\t\t\t\t\t<div class=\"elementor-column elementor-col-100 elementor-inner-column elementor-element elementor-element-b3c7e31\" data-id=\"b3c7e31\" data-element_type=\"column\">\n\t\t\t<div class=\"elementor-widget-wrap elementor-element-populated\">\n\t\t\t\t\t\t<div class=\"elementor-element elementor-element-8db7b48 arianne elementor-widget elementor-widget-shortcode\" data-id=\"8db7b48\" data-element_type=\"widget\" data-widget_type=\"shortcode.default\">\n\t\t\t\t<div class=\"elementor-widget-container\">\n\t\t\t\t\t\t\t<div class=\"elementor-shortcode\">\n\n\n\n<span><span><a href=\"https:\/\/aft-powders.com\/\">Hemsida<\/a><\/span><\/span>\n\n<\/div>\n\t\t\t\t\t\t<\/div>\n\t\t\t\t<\/div>\n\t\t\t\t<div class=\"elementor-element elementor-element-eab3344 elementor-widget elementor-widget-heading\" data-id=\"eab3344\" data-element_type=\"widget\" data-widget_type=\"heading.default\">\n\t\t\t\t<div class=\"elementor-widget-container\">\n\t\t\t\t\t<h1 class=\"elementor-heading-title elementor-size-default\">\n\n\nForskning &amp; Utveckling\n<\/h1>\t\t\t\t<\/div>\n\t\t\t\t<\/div>\n\t\t\t\t<div class=\"elementor-element elementor-element-177a770 elementor-widget-divider--view-line elementor-widget elementor-widget-divider\" data-id=\"177a770\" data-element_type=\"widget\" data-widget_type=\"divider.default\">\n\t\t\t\t<div class=\"elementor-widget-container\">\n\t\t\t\t\t\t\t<div class=\"elementor-divider\">\n\t\t\t<span class=\"elementor-divider-separator\">\n\t\t\t\t\t\t<\/span>\n\t\t<\/div>\n\t\t\t\t\t\t<\/div>\n\t\t\t\t<\/div>\n\t\t\t\t\t<\/div>\n\t\t<\/div>\n\t\t\t\t\t<\/div>\n\t\t<\/section>\n\t\t\t\t\t<\/div>\n\t\t<\/div>\n\t\t\t\t\t<\/div>\n\t\t<\/section>\n\t\t\t\t<section class=\"elementor-section elementor-top-section elementor-element elementor-element-913e460 elementor-section-boxed elementor-section-height-default elementor-section-height-default\" data-id=\"913e460\" data-element_type=\"section\">\n\t\t\t\t\t\t<div class=\"elementor-container elementor-column-gap-default\">\n\t\t\t\t\t<div class=\"elementor-column elementor-col-100 elementor-top-column elementor-element elementor-element-73b00f1\" data-id=\"73b00f1\" data-element_type=\"column\">\n\t\t\t<div class=\"elementor-widget-wrap elementor-element-populated\">\n\t\t\t\t\t\t<div class=\"elementor-element elementor-element-f76ac90 elementor-absolute elementor-hidden-tablet elementor-hidden-mobile elementor-widget elementor-widget-image\" data-id=\"f76ac90\" data-element_type=\"widget\" data-settings=\"{&quot;_position&quot;:&quot;absolute&quot;}\" data-widget_type=\"image.default\">\n\t\t\t\t<div class=\"elementor-widget-container\">\n\t\t\t\t\t\t\t\t\t\t\t\t\t\t\t<img decoding=\"async\" src=\"https:\/\/aft-powders.com\/wp-content\/uploads\/2023\/11\/deco-slider.png\" title=\"deco-slider\" alt=\"\u00e9l\u00e9ment d\u00e9co\" loading=\"lazy\" \/>\t\t\t\t\t\t\t\t\t\t\t\t\t\t\t<\/div>\n\t\t\t\t<\/div>\n\t\t\t\t\t<\/div>\n\t\t<\/div>\n\t\t\t\t\t<\/div>\n\t\t<\/section>\n\t\t\t\t<section class=\"elementor-section elementor-top-section elementor-element elementor-element-a034647 elementor-section-boxed elementor-section-height-default elementor-section-height-default\" data-id=\"a034647\" data-element_type=\"section\">\n\t\t\t\t\t\t<div class=\"elementor-container elementor-column-gap-default\">\n\t\t\t\t\t<div class=\"elementor-column elementor-col-100 elementor-top-column elementor-element elementor-element-e313835\" data-id=\"e313835\" data-element_type=\"column\">\n\t\t\t<div class=\"elementor-widget-wrap elementor-element-populated\">\n\t\t\t\t\t\t<section class=\"elementor-section elementor-inner-section elementor-element elementor-element-fd20e2b about elementor-section-boxed elementor-section-height-default elementor-section-height-default\" data-id=\"fd20e2b\" data-element_type=\"section\" data-settings=\"{&quot;background_background&quot;:&quot;classic&quot;}\">\n\t\t\t\t\t\t<div class=\"elementor-container elementor-column-gap-default\">\n\t\t\t\t\t<div class=\"elementor-column elementor-col-33 elementor-inner-column elementor-element elementor-element-ccdc1e2\" data-id=\"ccdc1e2\" data-element_type=\"column\">\n\t\t\t<div class=\"elementor-widget-wrap\">\n\t\t\t\t\t\t\t<\/div>\n\t\t<\/div>\n\t\t\t\t<div class=\"elementor-column elementor-col-33 elementor-inner-column elementor-element elementor-element-739f545\" data-id=\"739f545\" data-element_type=\"column\">\n\t\t\t<div class=\"elementor-widget-wrap elementor-element-populated\">\n\t\t\t\t\t\t<div class=\"elementor-element elementor-element-303b0b5 elementor-widget elementor-widget-heading\" data-id=\"303b0b5\" data-element_type=\"widget\" data-widget_type=\"heading.default\">\n\t\t\t\t<div class=\"elementor-widget-container\">\n\t\t\t\t\t<p class=\"elementor-heading-title elementor-size-default\">\n\n\nTj\u00e4nster\n<\/p>\t\t\t\t<\/div>\n\t\t\t\t<\/div>\n\t\t\t\t<div class=\"elementor-element elementor-element-cd41ad3 elementor-widget elementor-widget-heading\" data-id=\"cd41ad3\" data-element_type=\"widget\" data-widget_type=\"heading.default\">\n\t\t\t\t<div class=\"elementor-widget-container\">\n\t\t\t\t\t<h2 class=\"elementor-heading-title elementor-size-default\">\n\n\nV\u00e5r ambition \u00e4r att skapa ett pulver som fungerar i era anv\u00e4ndningsomr\u00e5den\n<\/h2>\t\t\t\t<\/div>\n\t\t\t\t<\/div>\n\t\t\t\t<div class=\"elementor-element elementor-element-f3f29eb elementor-widget-divider--view-line elementor-widget elementor-widget-divider\" data-id=\"f3f29eb\" data-element_type=\"widget\" data-widget_type=\"divider.default\">\n\t\t\t\t<div class=\"elementor-widget-container\">\n\t\t\t\t\t\t\t<div class=\"elementor-divider\">\n\t\t\t<span class=\"elementor-divider-separator\">\n\t\t\t\t\t\t<\/span>\n\t\t<\/div>\n\t\t\t\t\t\t<\/div>\n\t\t\t\t<\/div>\n\t\t\t\t\t<\/div>\n\t\t<\/div>\n\t\t\t\t<div class=\"elementor-column elementor-col-33 elementor-inner-column elementor-element elementor-element-f0bda3d\" data-id=\"f0bda3d\" data-element_type=\"column\">\n\t\t\t<div class=\"elementor-widget-wrap\">\n\t\t\t\t\t\t\t<\/div>\n\t\t<\/div>\n\t\t\t\t\t<\/div>\n\t\t<\/section>\n\t\t\t\t\t<\/div>\n\t\t<\/div>\n\t\t\t\t\t<\/div>\n\t\t<\/section>\n\t\t\t\t<section class=\"elementor-section elementor-top-section elementor-element elementor-element-877a696 elementor-section-boxed elementor-section-height-default elementor-section-height-default\" data-id=\"877a696\" data-element_type=\"section\" id=\"fondgris\" data-settings=\"{&quot;background_background&quot;:&quot;gradient&quot;}\">\n\t\t\t\t\t\t\t<div class=\"elementor-background-overlay\"><\/div>\n\t\t\t\t\t\t\t<div class=\"elementor-container elementor-column-gap-default\">\n\t\t\t\t\t<div class=\"elementor-column elementor-col-100 elementor-top-column elementor-element elementor-element-4857e92\" data-id=\"4857e92\" data-element_type=\"column\">\n\t\t\t<div class=\"elementor-widget-wrap elementor-element-populated\">\n\t\t\t\t\t\t<section class=\"elementor-section elementor-inner-section elementor-element elementor-element-923d912 elementor-section-full_width elementor-section-height-default elementor-section-height-default\" data-id=\"923d912\" data-element_type=\"section\">\n\t\t\t\t\t\t<div class=\"elementor-container elementor-column-gap-no\">\n\t\t\t\t\t<div class=\"elementor-column elementor-col-33 elementor-inner-column elementor-element elementor-element-9724ff6\" data-id=\"9724ff6\" data-element_type=\"column\">\n\t\t\t<div class=\"elementor-widget-wrap elementor-element-populated\">\n\t\t\t\t\t\t<div class=\"elementor-element elementor-element-bde2c54 dots elementor-arrows-position-inside elementor-pagination-position-outside elementor-widget elementor-widget-image-carousel\" data-id=\"bde2c54\" data-element_type=\"widget\" data-settings=\"{&quot;slides_to_show&quot;:&quot;1&quot;,&quot;effect&quot;:&quot;fade&quot;,&quot;autoplay_speed&quot;:2500,&quot;speed&quot;:600,&quot;navigation&quot;:&quot;both&quot;,&quot;autoplay&quot;:&quot;yes&quot;,&quot;pause_on_hover&quot;:&quot;yes&quot;,&quot;pause_on_interaction&quot;:&quot;yes&quot;,&quot;infinite&quot;:&quot;yes&quot;}\" data-widget_type=\"image-carousel.default\">\n\t\t\t\t<div class=\"elementor-widget-container\">\n\t\t\t\t\t\t\t<div class=\"elementor-image-carousel-wrapper swiper\" role=\"region\" aria-roledescription=\"carousel\" aria-label=\"Bildkarusell\" dir=\"ltr\">\n\t\t\t<div class=\"elementor-image-carousel swiper-wrapper\" aria-live=\"off\">\n\t\t\t\t\t\t\t\t<div class=\"swiper-slide\" role=\"group\" aria-roledescription=\"slide\" aria-label=\"1 av 4\"><figure class=\"swiper-slide-inner\"><img decoding=\"async\" class=\"swiper-slide-image\" src=\"https:\/\/aft-powders.com\/wp-content\/uploads\/2024\/01\/expertise-rd-aft-1.jpg\" alt=\"Expertise R&amp;D, AFT Chateau Renault\" \/><\/figure><\/div><div class=\"swiper-slide\" role=\"group\" aria-roledescription=\"slide\" aria-label=\"2 av 4\"><figure class=\"swiper-slide-inner\"><img decoding=\"async\" class=\"swiper-slide-image\" src=\"https:\/\/aft-powders.com\/wp-content\/uploads\/2024\/01\/expertise-rd-aft-2.jpg\" alt=\"Expertise R&amp;D, AFT Chateau Renault\" \/><\/figure><\/div><div class=\"swiper-slide\" role=\"group\" aria-roledescription=\"slide\" aria-label=\"3 av 4\"><figure class=\"swiper-slide-inner\"><img decoding=\"async\" class=\"swiper-slide-image\" src=\"https:\/\/aft-powders.com\/wp-content\/uploads\/2024\/01\/expertise-rd-aft-3.jpg\" alt=\"Expertise R&amp;D, AFT Chateau Renault\" \/><\/figure><\/div><div class=\"swiper-slide\" role=\"group\" aria-roledescription=\"slide\" aria-label=\"4 av 4\"><figure class=\"swiper-slide-inner\"><img decoding=\"async\" class=\"swiper-slide-image\" src=\"https:\/\/aft-powders.com\/wp-content\/uploads\/2024\/01\/expertise-rd-aft-4.jpg\" alt=\"Expertise R&amp;D, AFT Chateau Renault\" \/><\/figure><\/div>\t\t\t<\/div>\n\t\t\t\t\t\t\t\t\t\t\t\t<div class=\"elementor-swiper-button elementor-swiper-button-prev\" role=\"button\" tabindex=\"0\">\n\t\t\t\t\t\t<i aria-hidden=\"true\" class=\"icon icon-chevron-left\"><\/i>\t\t\t\t\t<\/div>\n\t\t\t\t\t<div class=\"elementor-swiper-button elementor-swiper-button-next\" role=\"button\" tabindex=\"0\">\n\t\t\t\t\t\t<i aria-hidden=\"true\" class=\"icon icon-chevron-right\"><\/i>\t\t\t\t\t<\/div>\n\t\t\t\t\n\t\t\t\t\t\t\t\t\t<div class=\"swiper-pagination\"><\/div>\n\t\t\t\t\t\t\t\t\t<\/div>\n\t\t\t\t\t\t<\/div>\n\t\t\t\t<\/div>\n\t\t\t\t\t<\/div>\n\t\t<\/div>\n\t\t\t\t<div class=\"elementor-column elementor-col-33 elementor-inner-column elementor-element elementor-element-f06923e elementor-hidden-tablet elementor-hidden-mobile\" data-id=\"f06923e\" data-element_type=\"column\">\n\t\t\t<div class=\"elementor-widget-wrap\">\n\t\t\t\t\t\t\t<\/div>\n\t\t<\/div>\n\t\t\t\t<div class=\"elementor-column elementor-col-33 elementor-inner-column elementor-element elementor-element-d3e943e\" data-id=\"d3e943e\" data-element_type=\"column\">\n\t\t\t<div class=\"elementor-widget-wrap elementor-element-populated\">\n\t\t\t\t\t\t<div class=\"elementor-element elementor-element-68f259b elementor-widget elementor-widget-text-editor\" data-id=\"68f259b\" data-element_type=\"widget\" data-widget_type=\"text-editor.default\">\n\t\t\t\t<div class=\"elementor-widget-container\">\n\t\t\t\t\t\t\t\t\t<div><div><div><\/div><div><\/div><div><\/div><div>Efter inledande kravspecifikation, samt en god f\u00f6rst\u00e5else f\u00f6r pulvrets funktion kan vi g\u00e5 vidare med provberedningen.<\/div><br \/><div>Ibland \u00e4r det klokt att du hj\u00e4lper till under de f\u00f6rsta f\u00f6rs\u00f6ken f\u00f6r att bidra med din expertis om pulvret och dess funktion.<\/div><br \/><div>I slutet kan du testa de olika proverna och v\u00e4lja ett som fungerar bra i din process. Detta \u00e4r v\u00e4rdefull information f\u00f6r uppskalningsprocessen, som ocks\u00e5 underl\u00e4ttas av 45 \u00e5r av praktisk och teoretisk erfarenhet.<\/div><br \/><div>V\u00e5r ambitionsniv\u00e5 \u00e4r att f\u00e5 fram ett pulver som fungerar i era anv\u00e4ndningsomr\u00e5den. Det \u00e4r v\u00e4sentligt att ni som kund och anv\u00e4ndare \u00e4r engagerade i denna F&amp;U-process. N\u00e4r v\u00e4l utvecklingsfasen \u00e4r avslutad \u00e4r det upp till oss att kvalitetss\u00e4kra produktionen s\u00e5 att ni i framtiden alltid f\u00e5r r\u00e4tt vara i r\u00e4tt tid.<br \/><br \/><\/div><div>Sedan kan ni fokusera p\u00e5 andra uppgifter&#8230;<\/div><div><\/div><\/div><\/div>\t\t\t\t\t\t\t\t<\/div>\n\t\t\t\t<\/div>\n\t\t\t\t\t<\/div>\n\t\t<\/div>\n\t\t\t\t\t<\/div>\n\t\t<\/section>\n\t\t\t\t\t<\/div>\n\t\t<\/div>\n\t\t\t\t\t<\/div>\n\t\t<\/section>\n\t\t\t\t<section class=\"elementor-section elementor-top-section elementor-element elementor-element-a64d8e2 elementor-section-full_width elementor-section-height-min-height elementor-section-height-default elementor-section-items-middle\" data-id=\"a64d8e2\" data-element_type=\"section\" data-settings=\"{&quot;background_background&quot;:&quot;classic&quot;}\">\n\t\t\t\t\t\t\t<div class=\"elementor-background-overlay\"><\/div>\n\t\t\t\t\t\t\t<div class=\"elementor-container elementor-column-gap-default\">\n\t\t\t\t\t<div class=\"elementor-column elementor-col-100 elementor-top-column elementor-element elementor-element-1aa1e58\" data-id=\"1aa1e58\" data-element_type=\"column\">\n\t\t\t<div class=\"elementor-widget-wrap elementor-element-populated\">\n\t\t\t\t\t\t<section class=\"elementor-section elementor-inner-section elementor-element elementor-element-61cdc18 elementor-section-boxed elementor-section-height-default elementor-section-height-default\" data-id=\"61cdc18\" data-element_type=\"section\">\n\t\t\t\t\t\t<div class=\"elementor-container elementor-column-gap-default\">\n\t\t\t\t\t<div class=\"elementor-column elementor-col-100 elementor-inner-column elementor-element elementor-element-fdb6976\" data-id=\"fdb6976\" data-element_type=\"column\">\n\t\t\t<div class=\"elementor-widget-wrap elementor-element-populated\">\n\t\t\t\t\t\t<div class=\"elementor-element elementor-element-dcc4216 elementor-widget__width-initial elementor-widget elementor-widget-heading\" data-id=\"dcc4216\" data-element_type=\"widget\" data-widget_type=\"heading.default\">\n\t\t\t\t<div class=\"elementor-widget-container\">\n\t\t\t\t\t<p class=\"elementor-heading-title elementor-size-default\">\n\n\nMed m\u00e5nga pulverbearbetnings tj\u00e4nster och 23 oberoende processhallar \u00e4r AFT en idealisk outsourcingpartner.\n<\/p>\t\t\t\t<\/div>\n\t\t\t\t<\/div>\n\t\t\t\t\t<\/div>\n\t\t<\/div>\n\t\t\t\t\t<\/div>\n\t\t<\/section>\n\t\t\t\t\t<\/div>\n\t\t<\/div>\n\t\t\t\t\t<\/div>\n\t\t<\/section>\n\t\t\t\t<\/div>\n\t\t","protected":false},"excerpt":{"rendered":"<p>Forskning &#038; Utveckling Tj\u00e4nster V\u00e5r ambition \u00e4r att skapa ett pulver som fungerar i era anv\u00e4ndningsomr\u00e5den Efter inledande kravspecifikation, samt en god f\u00f6rst\u00e5else f\u00f6r pulvrets funktion kan vi g\u00e5 vidare med provberedningen.Ibland \u00e4r det klokt att du hj\u00e4lper till under de f\u00f6rsta f\u00f6rs\u00f6ken f\u00f6r att bidra med din expertis om pulvret och dess funktion.I slutet [&hellip;]<\/p>\n","protected":false},"author":1,"featured_media":0,"parent":0,"menu_order":0,"comment_status":"closed","ping_status":"closed","template":"","meta":{"footnotes":""},"class_list":["post-92","page","type-page","status-publish","hentry"],"yoast_head":"<!-- This site is optimized with the Yoast SEO plugin v27.3 - https:\/\/yoast.com\/product\/yoast-seo-wordpress\/ -->\n<title>Forskning &amp; Utveckling - Auxiliaire de Fabrication et de Transformation<\/title>\n<meta name=\"robots\" content=\"index, follow, max-snippet:-1, max-image-preview:large, max-video-preview:-1\" \/>\n<link rel=\"canonical\" href=\"https:\/\/aft-powders.com\/rd\/\" \/>\n<meta property=\"og:locale\" content=\"sv_SE\" \/>\n<meta property=\"og:type\" content=\"article\" \/>\n<meta property=\"og:title\" content=\"[:fr]R&amp;D[:en]R&amp;D[:sv]Forskning &amp; Utveckling[:] - Auxiliaire de Fabrication et de Transformation\" \/>\n<meta property=\"og:description\" content=\"Forskning &#038; Utveckling Tj\u00e4nster V\u00e5r ambition \u00e4r att skapa ett pulver som fungerar i era anv\u00e4ndningsomr\u00e5den Efter inledande kravspecifikation, samt en god f\u00f6rst\u00e5else f\u00f6r pulvrets funktion kan vi g\u00e5 vidare med provberedningen.Ibland \u00e4r det klokt att du hj\u00e4lper till under de f\u00f6rsta f\u00f6rs\u00f6ken f\u00f6r att bidra med din expertis om pulvret och dess funktion.I slutet [&hellip;]\" \/>\n<meta property=\"og:url\" content=\"https:\/\/aft-powders.com\/rd\/\" \/>\n<meta property=\"og:site_name\" content=\"Auxiliaire de Fabrication et de Transformation\" \/>\n<meta property=\"article:modified_time\" content=\"2024-03-19T08:25:31+00:00\" \/>\n<meta property=\"og:image\" content=\"https:\/\/aft-powders.com\/wp-content\/uploads\/2023\/11\/deco-slider.png\" \/>\n<meta name=\"twitter:card\" content=\"summary_large_image\" \/>\n<meta name=\"twitter:label1\" content=\"Ber\u00e4knad l\u00e4stid\" \/>\n\t<meta name=\"twitter:data1\" content=\"4 minuter\" \/>\n<script type=\"application\/ld+json\" class=\"yoast-schema-graph\">{\"@context\":\"https:\\\/\\\/schema.org\",\"@graph\":[{\"@type\":\"WebPage\",\"@id\":\"https:\\\/\\\/aft-powders.com\\\/rd\\\/\",\"url\":\"https:\\\/\\\/aft-powders.com\\\/rd\\\/\",\"name\":\"[:fr]R&D[:en]R&D[:sv]Forskning & Utveckling[:] - Auxiliaire de Fabrication et de Transformation\",\"isPartOf\":{\"@id\":\"https:\\\/\\\/aft-powders.com\\\/#website\"},\"primaryImageOfPage\":{\"@id\":\"https:\\\/\\\/aft-powders.com\\\/rd\\\/#primaryimage\"},\"image\":{\"@id\":\"https:\\\/\\\/aft-powders.com\\\/rd\\\/#primaryimage\"},\"thumbnailUrl\":\"https:\\\/\\\/aft-powders.com\\\/wp-content\\\/uploads\\\/2023\\\/11\\\/deco-slider.png\",\"datePublished\":\"2023-10-31T10:01:03+00:00\",\"dateModified\":\"2024-03-19T08:25:31+00:00\",\"breadcrumb\":{\"@id\":\"https:\\\/\\\/aft-powders.com\\\/rd\\\/#breadcrumb\"},\"inLanguage\":\"sv-SE\",\"potentialAction\":[{\"@type\":\"ReadAction\",\"target\":[\"https:\\\/\\\/aft-powders.com\\\/rd\\\/\"]}]},{\"@type\":\"ImageObject\",\"inLanguage\":\"sv-SE\",\"@id\":\"https:\\\/\\\/aft-powders.com\\\/rd\\\/#primaryimage\",\"url\":\"https:\\\/\\\/aft-powders.com\\\/wp-content\\\/uploads\\\/2023\\\/11\\\/deco-slider.png\",\"contentUrl\":\"https:\\\/\\\/aft-powders.com\\\/wp-content\\\/uploads\\\/2023\\\/11\\\/deco-slider.png\"},{\"@type\":\"BreadcrumbList\",\"@id\":\"https:\\\/\\\/aft-powders.com\\\/rd\\\/#breadcrumb\",\"itemListElement\":[{\"@type\":\"ListItem\",\"position\":1,\"name\":\"Hemsida\",\"item\":\"https:\\\/\\\/aft-powders.com\\\/\"},{\"@type\":\"ListItem\",\"position\":2,\"name\":\"[:fr]R&#038;D[:en]R&#038;D[:sv]Forskning &#038; Utveckling[:]\"}]},{\"@type\":\"WebSite\",\"@id\":\"https:\\\/\\\/aft-powders.com\\\/#website\",\"url\":\"https:\\\/\\\/aft-powders.com\\\/\",\"name\":\"Auxiliaire de Fabrication et de Transformation\",\"description\":\"Traitement de poudres \u00e0 Ch\u00e2teau-Renault\",\"publisher\":{\"@id\":\"https:\\\/\\\/aft-powders.com\\\/#\\\/schema\\\/person\\\/3a9d5f568466f7757e0abc8be3054d3c\"},\"potentialAction\":[{\"@type\":\"SearchAction\",\"target\":{\"@type\":\"EntryPoint\",\"urlTemplate\":\"https:\\\/\\\/aft-powders.com\\\/?s={search_term_string}\"},\"query-input\":{\"@type\":\"PropertyValueSpecification\",\"valueRequired\":true,\"valueName\":\"search_term_string\"}}],\"inLanguage\":\"sv-SE\"},{\"@type\":[\"Person\",\"Organization\"],\"@id\":\"https:\\\/\\\/aft-powders.com\\\/#\\\/schema\\\/person\\\/3a9d5f568466f7757e0abc8be3054d3c\",\"name\":\"IdeopointPOINTcom\",\"logo\":{\"@id\":\"https:\\\/\\\/aft-powders.com\\\/#\\\/schema\\\/person\\\/image\\\/\"},\"sameAs\":[\"https:\\\/\\\/aft-powders.com\"]}]}<\/script>\n<!-- \/ Yoast SEO plugin. -->","yoast_head_json":{"title":"[:fr]R&D[:en]R&D[:sv]Forskning & Utveckling[:] - Auxiliaire de Fabrication et de Transformation","robots":{"index":"index","follow":"follow","max-snippet":"max-snippet:-1","max-image-preview":"max-image-preview:large","max-video-preview":"max-video-preview:-1"},"canonical":"https:\/\/aft-powders.com\/rd\/","og_locale":"sv_SE","og_type":"article","og_title":"[:fr]R&D[:en]R&D[:sv]Forskning & Utveckling[:] - Auxiliaire de Fabrication et de Transformation","og_description":"Forskning &#038; Utveckling Tj\u00e4nster V\u00e5r ambition \u00e4r att skapa ett pulver som fungerar i era anv\u00e4ndningsomr\u00e5den Efter inledande kravspecifikation, samt en god f\u00f6rst\u00e5else f\u00f6r pulvrets funktion kan vi g\u00e5 vidare med provberedningen.Ibland \u00e4r det klokt att du hj\u00e4lper till under de f\u00f6rsta f\u00f6rs\u00f6ken f\u00f6r att bidra med din expertis om pulvret och dess funktion.I slutet [&hellip;]","og_url":"https:\/\/aft-powders.com\/rd\/","og_site_name":"Auxiliaire de Fabrication et de Transformation","article_modified_time":"2024-03-19T08:25:31+00:00","og_image":[{"url":"https:\/\/aft-powders.com\/wp-content\/uploads\/2023\/11\/deco-slider.png","type":"","width":"","height":""}],"twitter_card":"summary_large_image","twitter_misc":{"Ber\u00e4knad l\u00e4stid":"4 minuter"},"schema":{"@context":"https:\/\/schema.org","@graph":[{"@type":"WebPage","@id":"https:\/\/aft-powders.com\/rd\/","url":"https:\/\/aft-powders.com\/rd\/","name":"[:fr]R&D[:en]R&D[:sv]Forskning & Utveckling[:] - Auxiliaire de Fabrication et de Transformation","isPartOf":{"@id":"https:\/\/aft-powders.com\/#website"},"primaryImageOfPage":{"@id":"https:\/\/aft-powders.com\/rd\/#primaryimage"},"image":{"@id":"https:\/\/aft-powders.com\/rd\/#primaryimage"},"thumbnailUrl":"https:\/\/aft-powders.com\/wp-content\/uploads\/2023\/11\/deco-slider.png","datePublished":"2023-10-31T10:01:03+00:00","dateModified":"2024-03-19T08:25:31+00:00","breadcrumb":{"@id":"https:\/\/aft-powders.com\/rd\/#breadcrumb"},"inLanguage":"sv-SE","potentialAction":[{"@type":"ReadAction","target":["https:\/\/aft-powders.com\/rd\/"]}]},{"@type":"ImageObject","inLanguage":"sv-SE","@id":"https:\/\/aft-powders.com\/rd\/#primaryimage","url":"https:\/\/aft-powders.com\/wp-content\/uploads\/2023\/11\/deco-slider.png","contentUrl":"https:\/\/aft-powders.com\/wp-content\/uploads\/2023\/11\/deco-slider.png"},{"@type":"BreadcrumbList","@id":"https:\/\/aft-powders.com\/rd\/#breadcrumb","itemListElement":[{"@type":"ListItem","position":1,"name":"Hemsida","item":"https:\/\/aft-powders.com\/"},{"@type":"ListItem","position":2,"name":"[:fr]R&#038;D[:en]R&#038;D[:sv]Forskning &#038; Utveckling[:]"}]},{"@type":"WebSite","@id":"https:\/\/aft-powders.com\/#website","url":"https:\/\/aft-powders.com\/","name":"Auxiliaire de Fabrication et de Transformation","description":"Traitement de poudres \u00e0 Ch\u00e2teau-Renault","publisher":{"@id":"https:\/\/aft-powders.com\/#\/schema\/person\/3a9d5f568466f7757e0abc8be3054d3c"},"potentialAction":[{"@type":"SearchAction","target":{"@type":"EntryPoint","urlTemplate":"https:\/\/aft-powders.com\/?s={search_term_string}"},"query-input":{"@type":"PropertyValueSpecification","valueRequired":true,"valueName":"search_term_string"}}],"inLanguage":"sv-SE"},{"@type":["Person","Organization"],"@id":"https:\/\/aft-powders.com\/#\/schema\/person\/3a9d5f568466f7757e0abc8be3054d3c","name":"IdeopointPOINTcom","logo":{"@id":"https:\/\/aft-powders.com\/#\/schema\/person\/image\/"},"sameAs":["https:\/\/aft-powders.com"]}]}},"_links":{"self":[{"href":"https:\/\/aft-powders.com\/sv\/wp-json\/wp\/v2\/pages\/92","targetHints":{"allow":["GET"]}}],"collection":[{"href":"https:\/\/aft-powders.com\/sv\/wp-json\/wp\/v2\/pages"}],"about":[{"href":"https:\/\/aft-powders.com\/sv\/wp-json\/wp\/v2\/types\/page"}],"author":[{"embeddable":true,"href":"https:\/\/aft-powders.com\/sv\/wp-json\/wp\/v2\/users\/1"}],"replies":[{"embeddable":true,"href":"https:\/\/aft-powders.com\/sv\/wp-json\/wp\/v2\/comments?post=92"}],"version-history":[{"count":224,"href":"https:\/\/aft-powders.com\/sv\/wp-json\/wp\/v2\/pages\/92\/revisions"}],"predecessor-version":[{"id":10800,"href":"https:\/\/aft-powders.com\/sv\/wp-json\/wp\/v2\/pages\/92\/revisions\/10800"}],"wp:attachment":[{"href":"https:\/\/aft-powders.com\/sv\/wp-json\/wp\/v2\/media?parent=92"}],"curies":[{"name":"wp","href":"https:\/\/api.w.org\/{rel}","templated":true}]}}