{"id":83,"date":"2023-10-31T10:58:14","date_gmt":"2023-10-31T09:58:14","guid":{"rendered":"https:\/\/aft-powders.com\/?page_id=83"},"modified":"2024-03-19T09:23:42","modified_gmt":"2024-03-19T08:23:42","slug":"melange","status":"publish","type":"page","link":"https:\/\/aft-powders.com\/sv\/melange\/","title":{"rendered":"Blandning"},"content":{"rendered":"\t\t<div data-elementor-type=\"wp-page\" data-elementor-id=\"83\" class=\"elementor elementor-83\">\n\t\t\t\t\t\t<section class=\"elementor-section elementor-top-section elementor-element elementor-element-26f4276 elementor-section-full_width elementor-section-height-min-height elementor-section-height-default elementor-section-items-middle\" data-id=\"26f4276\" data-element_type=\"section\" data-settings=\"{&quot;background_background&quot;:&quot;classic&quot;}\">\n\t\t\t\t\t\t\t<div class=\"elementor-background-overlay\"><\/div>\n\t\t\t\t\t\t\t<div class=\"elementor-container elementor-column-gap-default\">\n\t\t\t\t\t<div class=\"elementor-column elementor-col-100 elementor-top-column elementor-element elementor-element-2773c66\" data-id=\"2773c66\" data-element_type=\"column\">\n\t\t\t<div class=\"elementor-widget-wrap elementor-element-populated\">\n\t\t\t\t\t\t<section class=\"elementor-section elementor-inner-section elementor-element elementor-element-cb7f70c elementor-section-boxed elementor-section-height-default elementor-section-height-default\" data-id=\"cb7f70c\" data-element_type=\"section\">\n\t\t\t\t\t\t<div class=\"elementor-container elementor-column-gap-default\">\n\t\t\t\t\t<div class=\"elementor-column elementor-col-100 elementor-inner-column elementor-element elementor-element-d74ebf1\" data-id=\"d74ebf1\" data-element_type=\"column\">\n\t\t\t<div class=\"elementor-widget-wrap elementor-element-populated\">\n\t\t\t\t\t\t<div class=\"elementor-element elementor-element-67afe2d arianne elementor-widget elementor-widget-shortcode\" data-id=\"67afe2d\" data-element_type=\"widget\" data-widget_type=\"shortcode.default\">\n\t\t\t\t<div class=\"elementor-widget-container\">\n\t\t\t\t\t\t\t<div class=\"elementor-shortcode\">\n\n\n\n<span><span><a href=\"https:\/\/aft-powders.com\/\">Hemsida<\/a><\/span><\/span>\n\n<\/div>\n\t\t\t\t\t\t<\/div>\n\t\t\t\t<\/div>\n\t\t\t\t<div class=\"elementor-element elementor-element-1475c42 elementor-widget elementor-widget-heading\" data-id=\"1475c42\" data-element_type=\"widget\" data-widget_type=\"heading.default\">\n\t\t\t\t<div class=\"elementor-widget-container\">\n\t\t\t\t\t<h1 class=\"elementor-heading-title elementor-size-default\">\n\n\nBlandning\n<\/h1>\t\t\t\t<\/div>\n\t\t\t\t<\/div>\n\t\t\t\t<div class=\"elementor-element elementor-element-f8cef7b elementor-widget-divider--view-line elementor-widget elementor-widget-divider\" data-id=\"f8cef7b\" data-element_type=\"widget\" data-widget_type=\"divider.default\">\n\t\t\t\t<div class=\"elementor-widget-container\">\n\t\t\t\t\t\t\t<div class=\"elementor-divider\">\n\t\t\t<span class=\"elementor-divider-separator\">\n\t\t\t\t\t\t<\/span>\n\t\t<\/div>\n\t\t\t\t\t\t<\/div>\n\t\t\t\t<\/div>\n\t\t\t\t\t<\/div>\n\t\t<\/div>\n\t\t\t\t\t<\/div>\n\t\t<\/section>\n\t\t\t\t\t<\/div>\n\t\t<\/div>\n\t\t\t\t\t<\/div>\n\t\t<\/section>\n\t\t\t\t<section class=\"elementor-section elementor-top-section elementor-element elementor-element-72809a8 elementor-section-boxed elementor-section-height-default elementor-section-height-default\" data-id=\"72809a8\" data-element_type=\"section\">\n\t\t\t\t\t\t<div class=\"elementor-container elementor-column-gap-default\">\n\t\t\t\t\t<div class=\"elementor-column elementor-col-100 elementor-top-column elementor-element elementor-element-2672387\" data-id=\"2672387\" data-element_type=\"column\">\n\t\t\t<div class=\"elementor-widget-wrap elementor-element-populated\">\n\t\t\t\t\t\t<div class=\"elementor-element elementor-element-74f83b0 elementor-absolute elementor-hidden-tablet elementor-hidden-mobile elementor-widget elementor-widget-image\" data-id=\"74f83b0\" data-element_type=\"widget\" data-settings=\"{&quot;_position&quot;:&quot;absolute&quot;}\" data-widget_type=\"image.default\">\n\t\t\t\t<div class=\"elementor-widget-container\">\n\t\t\t\t\t\t\t\t\t\t\t\t\t\t\t<img decoding=\"async\" src=\"https:\/\/aft-powders.com\/wp-content\/uploads\/2023\/11\/deco-slider.png\" title=\"deco-slider\" alt=\"\u00e9l\u00e9ment d\u00e9co\" loading=\"lazy\" \/>\t\t\t\t\t\t\t\t\t\t\t\t\t\t\t<\/div>\n\t\t\t\t<\/div>\n\t\t\t\t\t<\/div>\n\t\t<\/div>\n\t\t\t\t\t<\/div>\n\t\t<\/section>\n\t\t\t\t<section class=\"elementor-section elementor-top-section elementor-element elementor-element-546f6ed elementor-section-boxed elementor-section-height-default elementor-section-height-default\" data-id=\"546f6ed\" data-element_type=\"section\">\n\t\t\t\t\t\t<div class=\"elementor-container elementor-column-gap-default\">\n\t\t\t\t\t<div class=\"elementor-column elementor-col-100 elementor-top-column elementor-element elementor-element-28160f2\" data-id=\"28160f2\" data-element_type=\"column\">\n\t\t\t<div class=\"elementor-widget-wrap elementor-element-populated\">\n\t\t\t\t\t\t<section class=\"elementor-section elementor-inner-section elementor-element elementor-element-37561b1 about elementor-section-boxed elementor-section-height-default elementor-section-height-default\" data-id=\"37561b1\" data-element_type=\"section\" data-settings=\"{&quot;background_background&quot;:&quot;classic&quot;}\">\n\t\t\t\t\t\t<div class=\"elementor-container elementor-column-gap-default\">\n\t\t\t\t\t<div class=\"elementor-column elementor-col-33 elementor-inner-column elementor-element elementor-element-a021cc5\" data-id=\"a021cc5\" data-element_type=\"column\">\n\t\t\t<div class=\"elementor-widget-wrap\">\n\t\t\t\t\t\t\t<\/div>\n\t\t<\/div>\n\t\t\t\t<div class=\"elementor-column elementor-col-33 elementor-inner-column elementor-element elementor-element-1ed6041\" data-id=\"1ed6041\" data-element_type=\"column\">\n\t\t\t<div class=\"elementor-widget-wrap elementor-element-populated\">\n\t\t\t\t\t\t<div class=\"elementor-element elementor-element-d16188b elementor-widget elementor-widget-heading\" data-id=\"d16188b\" data-element_type=\"widget\" data-widget_type=\"heading.default\">\n\t\t\t\t<div class=\"elementor-widget-container\">\n\t\t\t\t\t<p class=\"elementor-heading-title elementor-size-default\">\n\n\nTj\u00e4nster\n<\/p>\t\t\t\t<\/div>\n\t\t\t\t<\/div>\n\t\t\t\t<div class=\"elementor-element elementor-element-7f65f72 elementor-widget elementor-widget-heading\" data-id=\"7f65f72\" data-element_type=\"widget\" data-widget_type=\"heading.default\">\n\t\t\t\t<div class=\"elementor-widget-container\">\n\t\t\t\t\t<h2 class=\"elementor-heading-title elementor-size-default\">\n\n\nVi jobbar \u00e4ven med blandning, <br \/>impregnering och coating.\n<\/h2>\t\t\t\t<\/div>\n\t\t\t\t<\/div>\n\t\t\t\t<div class=\"elementor-element elementor-element-4bc8126 elementor-widget-divider--view-line elementor-widget elementor-widget-divider\" data-id=\"4bc8126\" data-element_type=\"widget\" data-widget_type=\"divider.default\">\n\t\t\t\t<div class=\"elementor-widget-container\">\n\t\t\t\t\t\t\t<div class=\"elementor-divider\">\n\t\t\t<span class=\"elementor-divider-separator\">\n\t\t\t\t\t\t<\/span>\n\t\t<\/div>\n\t\t\t\t\t\t<\/div>\n\t\t\t\t<\/div>\n\t\t\t\t\t<\/div>\n\t\t<\/div>\n\t\t\t\t<div class=\"elementor-column elementor-col-33 elementor-inner-column elementor-element elementor-element-64596a2\" data-id=\"64596a2\" data-element_type=\"column\">\n\t\t\t<div class=\"elementor-widget-wrap\">\n\t\t\t\t\t\t\t<\/div>\n\t\t<\/div>\n\t\t\t\t\t<\/div>\n\t\t<\/section>\n\t\t\t\t\t<\/div>\n\t\t<\/div>\n\t\t\t\t\t<\/div>\n\t\t<\/section>\n\t\t\t\t<section class=\"elementor-section elementor-top-section elementor-element elementor-element-3aa75a1 elementor-section-boxed elementor-section-height-default elementor-section-height-default\" data-id=\"3aa75a1\" data-element_type=\"section\" id=\"fondgris\" data-settings=\"{&quot;background_background&quot;:&quot;gradient&quot;}\">\n\t\t\t\t\t\t\t<div class=\"elementor-background-overlay\"><\/div>\n\t\t\t\t\t\t\t<div class=\"elementor-container elementor-column-gap-default\">\n\t\t\t\t\t<div class=\"elementor-column elementor-col-100 elementor-top-column elementor-element elementor-element-f03f15a\" data-id=\"f03f15a\" data-element_type=\"column\">\n\t\t\t<div class=\"elementor-widget-wrap elementor-element-populated\">\n\t\t\t\t\t\t<section class=\"elementor-section elementor-inner-section elementor-element elementor-element-849bcf9 elementor-section-full_width elementor-section-height-default elementor-section-height-default\" data-id=\"849bcf9\" data-element_type=\"section\">\n\t\t\t\t\t\t<div class=\"elementor-container elementor-column-gap-no\">\n\t\t\t\t\t<div class=\"elementor-column elementor-col-33 elementor-inner-column elementor-element elementor-element-686e83e\" data-id=\"686e83e\" data-element_type=\"column\">\n\t\t\t<div class=\"elementor-widget-wrap elementor-element-populated\">\n\t\t\t\t\t\t<div class=\"elementor-element elementor-element-97d7b82 elementor-widget elementor-widget-image\" data-id=\"97d7b82\" data-element_type=\"widget\" data-widget_type=\"image.default\">\n\t\t\t\t<div class=\"elementor-widget-container\">\n\t\t\t\t\t\t\t\t\t\t\t\t\t\t\t<img fetchpriority=\"high\" decoding=\"async\" width=\"800\" height=\"600\" src=\"https:\/\/aft-powders.com\/wp-content\/uploads\/2024\/01\/melange-aft-1024x768.jpg\" class=\"attachment-large size-large wp-image-7484\" alt=\"M\u00e9lange, AFT Chateau Renault\" srcset=\"https:\/\/aft-powders.com\/wp-content\/uploads\/2024\/01\/melange-aft-1024x768.jpg 1024w, https:\/\/aft-powders.com\/wp-content\/uploads\/2024\/01\/melange-aft-300x225.jpg 300w, https:\/\/aft-powders.com\/wp-content\/uploads\/2024\/01\/melange-aft-768x576.jpg 768w, https:\/\/aft-powders.com\/wp-content\/uploads\/2024\/01\/melange-aft.jpg 1200w\" sizes=\"(max-width: 800px) 100vw, 800px\" \/>\t\t\t\t\t\t\t\t\t\t\t\t\t\t\t<\/div>\n\t\t\t\t<\/div>\n\t\t\t\t\t<\/div>\n\t\t<\/div>\n\t\t\t\t<div class=\"elementor-column elementor-col-33 elementor-inner-column elementor-element elementor-element-6fa3293 elementor-hidden-tablet elementor-hidden-mobile\" data-id=\"6fa3293\" data-element_type=\"column\">\n\t\t\t<div class=\"elementor-widget-wrap\">\n\t\t\t\t\t\t\t<\/div>\n\t\t<\/div>\n\t\t\t\t<div class=\"elementor-column elementor-col-33 elementor-inner-column elementor-element elementor-element-beaa0ea\" data-id=\"beaa0ea\" data-element_type=\"column\">\n\t\t\t<div class=\"elementor-widget-wrap elementor-element-populated\">\n\t\t\t\t\t\t<div class=\"elementor-element elementor-element-6ea0b71 elementor-widget__width-initial elementor-widget elementor-widget-text-editor\" data-id=\"6ea0b71\" data-element_type=\"widget\" data-widget_type=\"text-editor.default\">\n\t\t\t\t<div class=\"elementor-widget-container\">\n\t\t\t\t\t\t\t\t\t<div><div><\/div><div><\/div><div><\/div><div>F\u00f6r detta har vi olika blandare. Vi har \u00e4ven en kontinuerlig process d\u00e4r vi kan impregnera pulver genom att spruta p\u00e5 en v\u00e4tska. Detta kan ge ert pulver tekniska f\u00f6rdelar som snabbare dispersion, mindre dammigt etc.<br \/><br \/><\/div><div>Ibland \u00e4r det l\u00e4mpligt att f\u00f6rblanda olika ingredienser och sedan finmala mixen. P\u00e5 s\u00e5 vis blir slutprodukten intimt blandad. Ibland beh\u00f6ver kunden helt enkelt homogenisera flera sm\u00e5 batcher till en st\u00f6rre slutbatch f\u00f6r att f\u00f6renkla logistik, analyskostnad och sp\u00e5rbarhet.<\/div><div><\/div><\/div>\t\t\t\t\t\t\t\t<\/div>\n\t\t\t\t<\/div>\n\t\t\t\t\t<\/div>\n\t\t<\/div>\n\t\t\t\t\t<\/div>\n\t\t<\/section>\n\t\t\t\t\t<\/div>\n\t\t<\/div>\n\t\t\t\t\t<\/div>\n\t\t<\/section>\n\t\t\t\t<section class=\"elementor-section elementor-top-section elementor-element elementor-element-d8a352a elementor-section-full_width elementor-section-height-min-height elementor-section-height-default elementor-section-items-middle\" data-id=\"d8a352a\" data-element_type=\"section\" data-settings=\"{&quot;background_background&quot;:&quot;classic&quot;}\">\n\t\t\t\t\t\t\t<div class=\"elementor-background-overlay\"><\/div>\n\t\t\t\t\t\t\t<div class=\"elementor-container elementor-column-gap-default\">\n\t\t\t\t\t<div class=\"elementor-column elementor-col-100 elementor-top-column elementor-element elementor-element-d370fc8\" data-id=\"d370fc8\" data-element_type=\"column\">\n\t\t\t<div class=\"elementor-widget-wrap elementor-element-populated\">\n\t\t\t\t\t\t<section class=\"elementor-section elementor-inner-section elementor-element elementor-element-67a5263 elementor-section-boxed elementor-section-height-default elementor-section-height-default\" data-id=\"67a5263\" data-element_type=\"section\">\n\t\t\t\t\t\t<div class=\"elementor-container elementor-column-gap-default\">\n\t\t\t\t\t<div class=\"elementor-column elementor-col-100 elementor-inner-column elementor-element elementor-element-5cef094\" data-id=\"5cef094\" data-element_type=\"column\">\n\t\t\t<div class=\"elementor-widget-wrap elementor-element-populated\">\n\t\t\t\t\t\t<div class=\"elementor-element elementor-element-965b52b elementor-widget__width-initial elementor-widget elementor-widget-heading\" data-id=\"965b52b\" data-element_type=\"widget\" data-widget_type=\"heading.default\">\n\t\t\t\t<div class=\"elementor-widget-container\">\n\t\t\t\t\t<p class=\"elementor-heading-title elementor-size-default\">\n\n\nMed m\u00e5nga pulverbearbetnings tj\u00e4nster och 23 oberoende processhallar \u00e4r AFT en idealisk outsourcingpartner.\n<\/p>\t\t\t\t<\/div>\n\t\t\t\t<\/div>\n\t\t\t\t\t<\/div>\n\t\t<\/div>\n\t\t\t\t\t<\/div>\n\t\t<\/section>\n\t\t\t\t\t<\/div>\n\t\t<\/div>\n\t\t\t\t\t<\/div>\n\t\t<\/section>\n\t\t\t\t<\/div>\n\t\t","protected":false},"excerpt":{"rendered":"<p>Blandning Tj\u00e4nster Vi jobbar \u00e4ven med blandning, impregnering och coating. F\u00f6r detta har vi olika blandare. Vi har \u00e4ven en kontinuerlig process d\u00e4r vi kan impregnera pulver genom att spruta p\u00e5 en v\u00e4tska. Detta kan ge ert pulver tekniska f\u00f6rdelar som snabbare dispersion, mindre dammigt etc. Ibland \u00e4r det l\u00e4mpligt att f\u00f6rblanda olika ingredienser och [&hellip;]<\/p>\n","protected":false},"author":1,"featured_media":0,"parent":0,"menu_order":0,"comment_status":"closed","ping_status":"closed","template":"","meta":{"footnotes":""},"class_list":["post-83","page","type-page","status-publish","hentry"],"yoast_head":"<!-- This site is optimized with the Yoast SEO plugin v27.3 - https:\/\/yoast.com\/product\/yoast-seo-wordpress\/ -->\n<title>Blandning - Auxiliaire de Fabrication et de Transformation<\/title>\n<meta name=\"robots\" content=\"index, follow, max-snippet:-1, max-image-preview:large, max-video-preview:-1\" \/>\n<link rel=\"canonical\" href=\"https:\/\/aft-powders.com\/melange\/\" \/>\n<meta property=\"og:locale\" content=\"sv_SE\" \/>\n<meta property=\"og:type\" content=\"article\" \/>\n<meta property=\"og:title\" content=\"[:fr]M\u00e9lange[:en]Blending[:sv]Blandning[:] - Auxiliaire de Fabrication et de Transformation\" \/>\n<meta property=\"og:description\" content=\"Blandning Tj\u00e4nster Vi jobbar \u00e4ven med blandning, impregnering och coating. F\u00f6r detta har vi olika blandare. Vi har \u00e4ven en kontinuerlig process d\u00e4r vi kan impregnera pulver genom att spruta p\u00e5 en v\u00e4tska. Detta kan ge ert pulver tekniska f\u00f6rdelar som snabbare dispersion, mindre dammigt etc. Ibland \u00e4r det l\u00e4mpligt att f\u00f6rblanda olika ingredienser och [&hellip;]\" \/>\n<meta property=\"og:url\" content=\"https:\/\/aft-powders.com\/melange\/\" \/>\n<meta property=\"og:site_name\" content=\"Auxiliaire de Fabrication et de Transformation\" \/>\n<meta property=\"article:modified_time\" content=\"2024-03-19T08:23:42+00:00\" \/>\n<meta property=\"og:image\" content=\"https:\/\/aft-powders.com\/wp-content\/uploads\/2023\/11\/deco-slider.png\" \/>\n<meta name=\"twitter:card\" content=\"summary_large_image\" \/>\n<meta name=\"twitter:label1\" content=\"Ber\u00e4knad l\u00e4stid\" \/>\n\t<meta name=\"twitter:data1\" content=\"2 minuter\" \/>\n<script type=\"application\/ld+json\" class=\"yoast-schema-graph\">{\"@context\":\"https:\\\/\\\/schema.org\",\"@graph\":[{\"@type\":\"WebPage\",\"@id\":\"https:\\\/\\\/aft-powders.com\\\/melange\\\/\",\"url\":\"https:\\\/\\\/aft-powders.com\\\/melange\\\/\",\"name\":\"[:fr]M\u00e9lange[:en]Blending[:sv]Blandning[:] - Auxiliaire de Fabrication et de Transformation\",\"isPartOf\":{\"@id\":\"https:\\\/\\\/aft-powders.com\\\/#website\"},\"primaryImageOfPage\":{\"@id\":\"https:\\\/\\\/aft-powders.com\\\/melange\\\/#primaryimage\"},\"image\":{\"@id\":\"https:\\\/\\\/aft-powders.com\\\/melange\\\/#primaryimage\"},\"thumbnailUrl\":\"https:\\\/\\\/aft-powders.com\\\/wp-content\\\/uploads\\\/2023\\\/11\\\/deco-slider.png\",\"datePublished\":\"2023-10-31T09:58:14+00:00\",\"dateModified\":\"2024-03-19T08:23:42+00:00\",\"breadcrumb\":{\"@id\":\"https:\\\/\\\/aft-powders.com\\\/melange\\\/#breadcrumb\"},\"inLanguage\":\"sv-SE\",\"potentialAction\":[{\"@type\":\"ReadAction\",\"target\":[\"https:\\\/\\\/aft-powders.com\\\/melange\\\/\"]}]},{\"@type\":\"ImageObject\",\"inLanguage\":\"sv-SE\",\"@id\":\"https:\\\/\\\/aft-powders.com\\\/melange\\\/#primaryimage\",\"url\":\"https:\\\/\\\/aft-powders.com\\\/wp-content\\\/uploads\\\/2023\\\/11\\\/deco-slider.png\",\"contentUrl\":\"https:\\\/\\\/aft-powders.com\\\/wp-content\\\/uploads\\\/2023\\\/11\\\/deco-slider.png\"},{\"@type\":\"BreadcrumbList\",\"@id\":\"https:\\\/\\\/aft-powders.com\\\/melange\\\/#breadcrumb\",\"itemListElement\":[{\"@type\":\"ListItem\",\"position\":1,\"name\":\"Hemsida\",\"item\":\"https:\\\/\\\/aft-powders.com\\\/\"},{\"@type\":\"ListItem\",\"position\":2,\"name\":\"[:fr]M\u00e9lange[:en]Blending[:sv]Blandning[:]\"}]},{\"@type\":\"WebSite\",\"@id\":\"https:\\\/\\\/aft-powders.com\\\/#website\",\"url\":\"https:\\\/\\\/aft-powders.com\\\/\",\"name\":\"Auxiliaire de Fabrication et de Transformation\",\"description\":\"Traitement de poudres \u00e0 Ch\u00e2teau-Renault\",\"publisher\":{\"@id\":\"https:\\\/\\\/aft-powders.com\\\/#\\\/schema\\\/person\\\/3a9d5f568466f7757e0abc8be3054d3c\"},\"potentialAction\":[{\"@type\":\"SearchAction\",\"target\":{\"@type\":\"EntryPoint\",\"urlTemplate\":\"https:\\\/\\\/aft-powders.com\\\/?s={search_term_string}\"},\"query-input\":{\"@type\":\"PropertyValueSpecification\",\"valueRequired\":true,\"valueName\":\"search_term_string\"}}],\"inLanguage\":\"sv-SE\"},{\"@type\":[\"Person\",\"Organization\"],\"@id\":\"https:\\\/\\\/aft-powders.com\\\/#\\\/schema\\\/person\\\/3a9d5f568466f7757e0abc8be3054d3c\",\"name\":\"IdeopointPOINTcom\",\"logo\":{\"@id\":\"https:\\\/\\\/aft-powders.com\\\/#\\\/schema\\\/person\\\/image\\\/\"},\"sameAs\":[\"https:\\\/\\\/aft-powders.com\"]}]}<\/script>\n<!-- \/ Yoast SEO plugin. -->","yoast_head_json":{"title":"[:fr]M\u00e9lange[:en]Blending[:sv]Blandning[:] - Auxiliaire de Fabrication et de Transformation","robots":{"index":"index","follow":"follow","max-snippet":"max-snippet:-1","max-image-preview":"max-image-preview:large","max-video-preview":"max-video-preview:-1"},"canonical":"https:\/\/aft-powders.com\/melange\/","og_locale":"sv_SE","og_type":"article","og_title":"[:fr]M\u00e9lange[:en]Blending[:sv]Blandning[:] - Auxiliaire de Fabrication et de Transformation","og_description":"Blandning Tj\u00e4nster Vi jobbar \u00e4ven med blandning, impregnering och coating. F\u00f6r detta har vi olika blandare. Vi har \u00e4ven en kontinuerlig process d\u00e4r vi kan impregnera pulver genom att spruta p\u00e5 en v\u00e4tska. Detta kan ge ert pulver tekniska f\u00f6rdelar som snabbare dispersion, mindre dammigt etc. Ibland \u00e4r det l\u00e4mpligt att f\u00f6rblanda olika ingredienser och [&hellip;]","og_url":"https:\/\/aft-powders.com\/melange\/","og_site_name":"Auxiliaire de Fabrication et de Transformation","article_modified_time":"2024-03-19T08:23:42+00:00","og_image":[{"url":"https:\/\/aft-powders.com\/wp-content\/uploads\/2023\/11\/deco-slider.png","type":"","width":"","height":""}],"twitter_card":"summary_large_image","twitter_misc":{"Ber\u00e4knad l\u00e4stid":"2 minuter"},"schema":{"@context":"https:\/\/schema.org","@graph":[{"@type":"WebPage","@id":"https:\/\/aft-powders.com\/melange\/","url":"https:\/\/aft-powders.com\/melange\/","name":"[:fr]M\u00e9lange[:en]Blending[:sv]Blandning[:] - Auxiliaire de Fabrication et de Transformation","isPartOf":{"@id":"https:\/\/aft-powders.com\/#website"},"primaryImageOfPage":{"@id":"https:\/\/aft-powders.com\/melange\/#primaryimage"},"image":{"@id":"https:\/\/aft-powders.com\/melange\/#primaryimage"},"thumbnailUrl":"https:\/\/aft-powders.com\/wp-content\/uploads\/2023\/11\/deco-slider.png","datePublished":"2023-10-31T09:58:14+00:00","dateModified":"2024-03-19T08:23:42+00:00","breadcrumb":{"@id":"https:\/\/aft-powders.com\/melange\/#breadcrumb"},"inLanguage":"sv-SE","potentialAction":[{"@type":"ReadAction","target":["https:\/\/aft-powders.com\/melange\/"]}]},{"@type":"ImageObject","inLanguage":"sv-SE","@id":"https:\/\/aft-powders.com\/melange\/#primaryimage","url":"https:\/\/aft-powders.com\/wp-content\/uploads\/2023\/11\/deco-slider.png","contentUrl":"https:\/\/aft-powders.com\/wp-content\/uploads\/2023\/11\/deco-slider.png"},{"@type":"BreadcrumbList","@id":"https:\/\/aft-powders.com\/melange\/#breadcrumb","itemListElement":[{"@type":"ListItem","position":1,"name":"Hemsida","item":"https:\/\/aft-powders.com\/"},{"@type":"ListItem","position":2,"name":"[:fr]M\u00e9lange[:en]Blending[:sv]Blandning[:]"}]},{"@type":"WebSite","@id":"https:\/\/aft-powders.com\/#website","url":"https:\/\/aft-powders.com\/","name":"Auxiliaire de Fabrication et de Transformation","description":"Traitement de poudres \u00e0 Ch\u00e2teau-Renault","publisher":{"@id":"https:\/\/aft-powders.com\/#\/schema\/person\/3a9d5f568466f7757e0abc8be3054d3c"},"potentialAction":[{"@type":"SearchAction","target":{"@type":"EntryPoint","urlTemplate":"https:\/\/aft-powders.com\/?s={search_term_string}"},"query-input":{"@type":"PropertyValueSpecification","valueRequired":true,"valueName":"search_term_string"}}],"inLanguage":"sv-SE"},{"@type":["Person","Organization"],"@id":"https:\/\/aft-powders.com\/#\/schema\/person\/3a9d5f568466f7757e0abc8be3054d3c","name":"IdeopointPOINTcom","logo":{"@id":"https:\/\/aft-powders.com\/#\/schema\/person\/image\/"},"sameAs":["https:\/\/aft-powders.com"]}]}},"_links":{"self":[{"href":"https:\/\/aft-powders.com\/sv\/wp-json\/wp\/v2\/pages\/83","targetHints":{"allow":["GET"]}}],"collection":[{"href":"https:\/\/aft-powders.com\/sv\/wp-json\/wp\/v2\/pages"}],"about":[{"href":"https:\/\/aft-powders.com\/sv\/wp-json\/wp\/v2\/types\/page"}],"author":[{"embeddable":true,"href":"https:\/\/aft-powders.com\/sv\/wp-json\/wp\/v2\/users\/1"}],"replies":[{"embeddable":true,"href":"https:\/\/aft-powders.com\/sv\/wp-json\/wp\/v2\/comments?post=83"}],"version-history":[{"count":116,"href":"https:\/\/aft-powders.com\/sv\/wp-json\/wp\/v2\/pages\/83\/revisions"}],"predecessor-version":[{"id":10788,"href":"https:\/\/aft-powders.com\/sv\/wp-json\/wp\/v2\/pages\/83\/revisions\/10788"}],"wp:attachment":[{"href":"https:\/\/aft-powders.com\/sv\/wp-json\/wp\/v2\/media?parent=83"}],"curies":[{"name":"wp","href":"https:\/\/api.w.org\/{rel}","templated":true}]}}