{"id":5891,"date":"2023-12-12T15:08:26","date_gmt":"2023-12-12T14:08:26","guid":{"rendered":"https:\/\/aft-powders.com\/?page_id=5891"},"modified":"2024-06-25T08:36:24","modified_gmt":"2024-06-25T06:36:24","slug":"broyage-sous-gaz-neutre","status":"publish","type":"page","link":"https:\/\/aft-powders.com\/sv\/broyage-sous-gaz-neutre\/","title":{"rendered":"Malning under kv\u00e4vgas"},"content":{"rendered":"\t\t<div data-elementor-type=\"wp-page\" data-elementor-id=\"5891\" class=\"elementor elementor-5891\">\n\t\t\t\t\t\t<section class=\"elementor-section elementor-top-section elementor-element elementor-element-e1ec6e5 elementor-section-full_width elementor-section-height-min-height elementor-section-height-default elementor-section-items-middle\" data-id=\"e1ec6e5\" data-element_type=\"section\" data-settings=\"{&quot;background_background&quot;:&quot;classic&quot;}\">\n\t\t\t\t\t\t\t<div class=\"elementor-background-overlay\"><\/div>\n\t\t\t\t\t\t\t<div class=\"elementor-container elementor-column-gap-default\">\n\t\t\t\t\t<div class=\"elementor-column elementor-col-100 elementor-top-column elementor-element elementor-element-e1f8e6c\" data-id=\"e1f8e6c\" data-element_type=\"column\">\n\t\t\t<div class=\"elementor-widget-wrap elementor-element-populated\">\n\t\t\t\t\t\t<section class=\"elementor-section elementor-inner-section elementor-element elementor-element-50e1f5b elementor-section-boxed elementor-section-height-default elementor-section-height-default\" data-id=\"50e1f5b\" data-element_type=\"section\">\n\t\t\t\t\t\t<div class=\"elementor-container elementor-column-gap-default\">\n\t\t\t\t\t<div class=\"elementor-column elementor-col-100 elementor-inner-column elementor-element elementor-element-08fa6dc\" data-id=\"08fa6dc\" data-element_type=\"column\">\n\t\t\t<div class=\"elementor-widget-wrap elementor-element-populated\">\n\t\t\t\t\t\t<div class=\"elementor-element elementor-element-dbb02e2 arianne elementor-widget elementor-widget-shortcode\" data-id=\"dbb02e2\" data-element_type=\"widget\" data-widget_type=\"shortcode.default\">\n\t\t\t\t<div class=\"elementor-widget-container\">\n\t\t\t\t\t\t\t<div class=\"elementor-shortcode\">\n\n\n\n<span><span><a href=\"https:\/\/aft-powders.com\/\">Hemsida<\/a><\/span><\/span>\n\n<\/div>\n\t\t\t\t\t\t<\/div>\n\t\t\t\t<\/div>\n\t\t\t\t<div class=\"elementor-element elementor-element-d670e9f elementor-widget elementor-widget-heading\" data-id=\"d670e9f\" data-element_type=\"widget\" data-widget_type=\"heading.default\">\n\t\t\t\t<div class=\"elementor-widget-container\">\n\t\t\t\t\t<h1 class=\"elementor-heading-title elementor-size-default\">\n\n\nMalning under skyddande kv\u00e4vgas\n<\/h1>\t\t\t\t<\/div>\n\t\t\t\t<\/div>\n\t\t\t\t<div class=\"elementor-element elementor-element-176fa1e elementor-widget-divider--view-line elementor-widget elementor-widget-divider\" data-id=\"176fa1e\" data-element_type=\"widget\" data-widget_type=\"divider.default\">\n\t\t\t\t<div class=\"elementor-widget-container\">\n\t\t\t\t\t\t\t<div class=\"elementor-divider\">\n\t\t\t<span class=\"elementor-divider-separator\">\n\t\t\t\t\t\t<\/span>\n\t\t<\/div>\n\t\t\t\t\t\t<\/div>\n\t\t\t\t<\/div>\n\t\t\t\t\t<\/div>\n\t\t<\/div>\n\t\t\t\t\t<\/div>\n\t\t<\/section>\n\t\t\t\t\t<\/div>\n\t\t<\/div>\n\t\t\t\t\t<\/div>\n\t\t<\/section>\n\t\t\t\t<section class=\"elementor-section elementor-top-section elementor-element elementor-element-c33c809 elementor-section-boxed elementor-section-height-default elementor-section-height-default\" data-id=\"c33c809\" data-element_type=\"section\">\n\t\t\t\t\t\t<div class=\"elementor-container elementor-column-gap-default\">\n\t\t\t\t\t<div class=\"elementor-column elementor-col-100 elementor-top-column elementor-element elementor-element-3552082\" data-id=\"3552082\" data-element_type=\"column\">\n\t\t\t<div class=\"elementor-widget-wrap elementor-element-populated\">\n\t\t\t\t\t\t<div class=\"elementor-element elementor-element-1ed9926 elementor-absolute elementor-hidden-tablet elementor-hidden-mobile elementor-widget elementor-widget-image\" data-id=\"1ed9926\" data-element_type=\"widget\" data-settings=\"{&quot;_position&quot;:&quot;absolute&quot;}\" data-widget_type=\"image.default\">\n\t\t\t\t<div class=\"elementor-widget-container\">\n\t\t\t\t\t\t\t\t\t\t\t\t\t\t\t<img decoding=\"async\" src=\"https:\/\/aft-powders.com\/wp-content\/uploads\/2023\/11\/deco-slider.png\" title=\"deco-slider\" alt=\"\u00e9l\u00e9ment d\u00e9co\" loading=\"lazy\" \/>\t\t\t\t\t\t\t\t\t\t\t\t\t\t\t<\/div>\n\t\t\t\t<\/div>\n\t\t\t\t\t<\/div>\n\t\t<\/div>\n\t\t\t\t\t<\/div>\n\t\t<\/section>\n\t\t\t\t<section class=\"elementor-section elementor-top-section elementor-element elementor-element-173c8b4 elementor-section-boxed elementor-section-height-default elementor-section-height-default\" data-id=\"173c8b4\" data-element_type=\"section\">\n\t\t\t\t\t\t<div class=\"elementor-container elementor-column-gap-default\">\n\t\t\t\t\t<div class=\"elementor-column elementor-col-100 elementor-top-column elementor-element elementor-element-4026711\" data-id=\"4026711\" data-element_type=\"column\">\n\t\t\t<div class=\"elementor-widget-wrap elementor-element-populated\">\n\t\t\t\t\t\t<section class=\"elementor-section elementor-inner-section elementor-element elementor-element-83b8dbc about elementor-section-boxed elementor-section-height-default elementor-section-height-default\" data-id=\"83b8dbc\" data-element_type=\"section\" data-settings=\"{&quot;background_background&quot;:&quot;classic&quot;}\">\n\t\t\t\t\t\t<div class=\"elementor-container elementor-column-gap-default\">\n\t\t\t\t\t<div class=\"elementor-column elementor-col-33 elementor-inner-column elementor-element elementor-element-af22071\" data-id=\"af22071\" data-element_type=\"column\">\n\t\t\t<div class=\"elementor-widget-wrap elementor-element-populated\">\n\t\t\t\t\t\t<div class=\"elementor-element elementor-element-6609355 elementor-widget elementor-widget-heading\" data-id=\"6609355\" data-element_type=\"widget\" data-widget_type=\"heading.default\">\n\t\t\t\t<div class=\"elementor-widget-container\">\n\t\t\t\t\t<p class=\"elementor-heading-title elementor-size-default\">\n\n\nTj\u00e4nster\n<\/p>\t\t\t\t<\/div>\n\t\t\t\t<\/div>\n\t\t\t\t<div class=\"elementor-element elementor-element-2ca2fea elementor-widget elementor-widget-heading\" data-id=\"2ca2fea\" data-element_type=\"widget\" data-widget_type=\"heading.default\">\n\t\t\t\t<div class=\"elementor-widget-container\">\n\t\t\t\t\t<h2 class=\"elementor-heading-title elementor-size-default\">\n\n\nMalning under skyddande kv\u00e4vgas\n<\/h2>\t\t\t\t<\/div>\n\t\t\t\t<\/div>\n\t\t\t\t<div class=\"elementor-element elementor-element-53552b9 elementor-widget-divider--view-line elementor-widget elementor-widget-divider\" data-id=\"53552b9\" data-element_type=\"widget\" data-widget_type=\"divider.default\">\n\t\t\t\t<div class=\"elementor-widget-container\">\n\t\t\t\t\t\t\t<div class=\"elementor-divider\">\n\t\t\t<span class=\"elementor-divider-separator\">\n\t\t\t\t\t\t<\/span>\n\t\t<\/div>\n\t\t\t\t\t\t<\/div>\n\t\t\t\t<\/div>\n\t\t\t\t\t<\/div>\n\t\t<\/div>\n\t\t\t\t<div class=\"elementor-column elementor-col-33 elementor-inner-column elementor-element elementor-element-8c0e8e1 elementor-hidden-tablet elementor-hidden-mobile\" data-id=\"8c0e8e1\" data-element_type=\"column\">\n\t\t\t<div class=\"elementor-widget-wrap\">\n\t\t\t\t\t\t\t<\/div>\n\t\t<\/div>\n\t\t\t\t<div class=\"elementor-column elementor-col-33 elementor-inner-column elementor-element elementor-element-959a38d\" data-id=\"959a38d\" data-element_type=\"column\">\n\t\t\t<div class=\"elementor-widget-wrap elementor-element-populated\">\n\t\t\t\t\t\t<div class=\"elementor-element elementor-element-10de944 elementor-widget__width-initial elementor-icon-list--layout-traditional elementor-list-item-link-full_width elementor-widget elementor-widget-icon-list\" data-id=\"10de944\" data-element_type=\"widget\" data-widget_type=\"icon-list.default\">\n\t\t\t\t<div class=\"elementor-widget-container\">\n\t\t\t\t\t\t\t<ul class=\"elementor-icon-list-items\">\n\t\t\t\t\t\t\t<li class=\"elementor-icon-list-item\">\n\t\t\t\t\t\t\t\t\t\t\t<span class=\"elementor-icon-list-icon\">\n\t\t\t\t\t\t\t<i aria-hidden=\"true\" class=\"fas fa-arrow-right\"><\/i>\t\t\t\t\t\t<\/span>\n\t\t\t\t\t\t\t\t\t\t<span class=\"elementor-icon-list-text\">   Malning under syrefattig atmosf\u00e4r. <\/span>\n\t\t\t\t\t\t\t\t\t<\/li>\n\t\t\t\t\t\t\t\t<li class=\"elementor-icon-list-item\">\n\t\t\t\t\t\t\t\t\t\t\t<span class=\"elementor-icon-list-icon\">\n\t\t\t\t\t\t\t<i aria-hidden=\"true\" class=\"fas fa-arrow-right\"><\/i>\t\t\t\t\t\t<\/span>\n\t\t\t\t\t\t\t\t\t\t<span class=\"elementor-icon-list-text\">   Malning av er produkt under skyddande kv\u00e4vgas f\u00f6r att undvika oxidering och fukt. <\/span>\n\t\t\t\t\t\t\t\t\t<\/li>\n\t\t\t\t\t\t<\/ul>\n\t\t\t\t\t\t<\/div>\n\t\t\t\t<\/div>\n\t\t\t\t\t<\/div>\n\t\t<\/div>\n\t\t\t\t\t<\/div>\n\t\t<\/section>\n\t\t\t\t\t<\/div>\n\t\t<\/div>\n\t\t\t\t\t<\/div>\n\t\t<\/section>\n\t\t\t\t<section class=\"elementor-section elementor-top-section elementor-element elementor-element-e562d15 elementor-section-full_width elementor-section-height-min-height elementor-section-height-default elementor-section-items-middle\" data-id=\"e562d15\" data-element_type=\"section\" data-settings=\"{&quot;background_background&quot;:&quot;classic&quot;}\">\n\t\t\t\t\t\t\t<div class=\"elementor-background-overlay\"><\/div>\n\t\t\t\t\t\t\t<div class=\"elementor-container elementor-column-gap-default\">\n\t\t\t\t\t<div class=\"elementor-column elementor-col-100 elementor-top-column elementor-element elementor-element-89f29b4\" data-id=\"89f29b4\" data-element_type=\"column\">\n\t\t\t<div class=\"elementor-widget-wrap elementor-element-populated\">\n\t\t\t\t\t\t<section class=\"elementor-section elementor-inner-section elementor-element elementor-element-12d38e2 elementor-section-boxed elementor-section-height-default elementor-section-height-default\" data-id=\"12d38e2\" data-element_type=\"section\">\n\t\t\t\t\t\t<div class=\"elementor-container elementor-column-gap-default\">\n\t\t\t\t\t<div class=\"elementor-column elementor-col-100 elementor-inner-column elementor-element elementor-element-2d6d201\" data-id=\"2d6d201\" data-element_type=\"column\">\n\t\t\t<div class=\"elementor-widget-wrap elementor-element-populated\">\n\t\t\t\t\t\t<div class=\"elementor-element elementor-element-6cc35ee elementor-widget__width-initial elementor-widget elementor-widget-heading\" data-id=\"6cc35ee\" data-element_type=\"widget\" data-widget_type=\"heading.default\">\n\t\t\t\t<div class=\"elementor-widget-container\">\n\t\t\t\t\t<p class=\"elementor-heading-title elementor-size-default\">\n\n\nMed m\u00e5nga pulverbearbetnings tj\u00e4nster och 23 oberoende processhallar \u00e4r AFT en idealisk outsourcingpartner.\n<\/p>\t\t\t\t<\/div>\n\t\t\t\t<\/div>\n\t\t\t\t\t<\/div>\n\t\t<\/div>\n\t\t\t\t\t<\/div>\n\t\t<\/section>\n\t\t\t\t\t<\/div>\n\t\t<\/div>\n\t\t\t\t\t<\/div>\n\t\t<\/section>\n\t\t\t\t<\/div>\n\t\t","protected":false},"excerpt":{"rendered":"<p>Malning under skyddande kv\u00e4vgas Tj\u00e4nster Malning under skyddande kv\u00e4vgas Malning under syrefattig atmosf\u00e4r. Malning av er produkt under skyddande kv\u00e4vgas f\u00f6r att undvika oxidering och fukt. Med m\u00e5nga pulverbearbetnings tj\u00e4nster och 23 oberoende processhallar \u00e4r AFT en idealisk outsourcingpartner.<\/p>\n","protected":false},"author":1,"featured_media":0,"parent":0,"menu_order":0,"comment_status":"closed","ping_status":"closed","template":"","meta":{"footnotes":""},"class_list":["post-5891","page","type-page","status-publish","hentry"],"yoast_head":"<!-- This site is optimized with the Yoast SEO plugin v27.3 - https:\/\/yoast.com\/product\/yoast-seo-wordpress\/ -->\n<title>Malning under kv\u00e4vgas - Auxiliaire de Fabrication et de Transformation<\/title>\n<meta name=\"robots\" content=\"index, follow, max-snippet:-1, max-image-preview:large, max-video-preview:-1\" \/>\n<link rel=\"canonical\" href=\"https:\/\/aft-powders.com\/broyage-sous-gaz-neutre\/\" \/>\n<meta property=\"og:locale\" content=\"sv_SE\" \/>\n<meta property=\"og:type\" content=\"article\" \/>\n<meta property=\"og:title\" content=\"[:fr]Broyage sous gaz neutre[:en]Grinding in a low-oxygen atmosphere[:sv]Malning under kv\u00e4vgas[:] - Auxiliaire de Fabrication et de Transformation\" \/>\n<meta property=\"og:description\" content=\"Malning under skyddande kv\u00e4vgas Tj\u00e4nster Malning under skyddande kv\u00e4vgas Malning under syrefattig atmosf\u00e4r. Malning av er produkt under skyddande kv\u00e4vgas f\u00f6r att undvika oxidering och fukt. Med m\u00e5nga pulverbearbetnings tj\u00e4nster och 23 oberoende processhallar \u00e4r AFT en idealisk outsourcingpartner.\" \/>\n<meta property=\"og:url\" content=\"https:\/\/aft-powders.com\/broyage-sous-gaz-neutre\/\" \/>\n<meta property=\"og:site_name\" content=\"Auxiliaire de Fabrication et de Transformation\" \/>\n<meta property=\"article:modified_time\" content=\"2024-06-25T06:36:24+00:00\" \/>\n<meta property=\"og:image\" content=\"https:\/\/aft-powders.com\/wp-content\/uploads\/2023\/11\/deco-slider.png\" \/>\n<meta name=\"twitter:card\" content=\"summary_large_image\" \/>\n<meta name=\"twitter:label1\" content=\"Ber\u00e4knad l\u00e4stid\" \/>\n\t<meta name=\"twitter:data1\" content=\"1 minut\" \/>\n<script type=\"application\/ld+json\" class=\"yoast-schema-graph\">{\"@context\":\"https:\\\/\\\/schema.org\",\"@graph\":[{\"@type\":\"WebPage\",\"@id\":\"https:\\\/\\\/aft-powders.com\\\/broyage-sous-gaz-neutre\\\/\",\"url\":\"https:\\\/\\\/aft-powders.com\\\/broyage-sous-gaz-neutre\\\/\",\"name\":\"[:fr]Broyage sous gaz neutre[:en]Grinding in a low-oxygen atmosphere[:sv]Malning under kv\u00e4vgas[:] - Auxiliaire de Fabrication et de Transformation\",\"isPartOf\":{\"@id\":\"https:\\\/\\\/aft-powders.com\\\/#website\"},\"primaryImageOfPage\":{\"@id\":\"https:\\\/\\\/aft-powders.com\\\/broyage-sous-gaz-neutre\\\/#primaryimage\"},\"image\":{\"@id\":\"https:\\\/\\\/aft-powders.com\\\/broyage-sous-gaz-neutre\\\/#primaryimage\"},\"thumbnailUrl\":\"https:\\\/\\\/aft-powders.com\\\/wp-content\\\/uploads\\\/2023\\\/11\\\/deco-slider.png\",\"datePublished\":\"2023-12-12T14:08:26+00:00\",\"dateModified\":\"2024-06-25T06:36:24+00:00\",\"breadcrumb\":{\"@id\":\"https:\\\/\\\/aft-powders.com\\\/broyage-sous-gaz-neutre\\\/#breadcrumb\"},\"inLanguage\":\"sv-SE\",\"potentialAction\":[{\"@type\":\"ReadAction\",\"target\":[\"https:\\\/\\\/aft-powders.com\\\/broyage-sous-gaz-neutre\\\/\"]}]},{\"@type\":\"ImageObject\",\"inLanguage\":\"sv-SE\",\"@id\":\"https:\\\/\\\/aft-powders.com\\\/broyage-sous-gaz-neutre\\\/#primaryimage\",\"url\":\"https:\\\/\\\/aft-powders.com\\\/wp-content\\\/uploads\\\/2023\\\/11\\\/deco-slider.png\",\"contentUrl\":\"https:\\\/\\\/aft-powders.com\\\/wp-content\\\/uploads\\\/2023\\\/11\\\/deco-slider.png\"},{\"@type\":\"BreadcrumbList\",\"@id\":\"https:\\\/\\\/aft-powders.com\\\/broyage-sous-gaz-neutre\\\/#breadcrumb\",\"itemListElement\":[{\"@type\":\"ListItem\",\"position\":1,\"name\":\"Hemsida\",\"item\":\"https:\\\/\\\/aft-powders.com\\\/\"},{\"@type\":\"ListItem\",\"position\":2,\"name\":\"[:fr]Broyage sous gaz neutre[:en]Grinding in a low-oxygen atmosphere[:sv]Malning under kv\u00e4vgas[:]\"}]},{\"@type\":\"WebSite\",\"@id\":\"https:\\\/\\\/aft-powders.com\\\/#website\",\"url\":\"https:\\\/\\\/aft-powders.com\\\/\",\"name\":\"Auxiliaire de Fabrication et de Transformation\",\"description\":\"Traitement de poudres \u00e0 Ch\u00e2teau-Renault\",\"publisher\":{\"@id\":\"https:\\\/\\\/aft-powders.com\\\/#\\\/schema\\\/person\\\/3a9d5f568466f7757e0abc8be3054d3c\"},\"potentialAction\":[{\"@type\":\"SearchAction\",\"target\":{\"@type\":\"EntryPoint\",\"urlTemplate\":\"https:\\\/\\\/aft-powders.com\\\/?s={search_term_string}\"},\"query-input\":{\"@type\":\"PropertyValueSpecification\",\"valueRequired\":true,\"valueName\":\"search_term_string\"}}],\"inLanguage\":\"sv-SE\"},{\"@type\":[\"Person\",\"Organization\"],\"@id\":\"https:\\\/\\\/aft-powders.com\\\/#\\\/schema\\\/person\\\/3a9d5f568466f7757e0abc8be3054d3c\",\"name\":\"IdeopointPOINTcom\",\"logo\":{\"@id\":\"https:\\\/\\\/aft-powders.com\\\/#\\\/schema\\\/person\\\/image\\\/\"},\"sameAs\":[\"https:\\\/\\\/aft-powders.com\"]}]}<\/script>\n<!-- \/ Yoast SEO plugin. -->","yoast_head_json":{"title":"[:fr]Broyage sous gaz neutre[:en]Grinding in a low-oxygen atmosphere[:sv]Malning under kv\u00e4vgas[:] - Auxiliaire de Fabrication et de Transformation","robots":{"index":"index","follow":"follow","max-snippet":"max-snippet:-1","max-image-preview":"max-image-preview:large","max-video-preview":"max-video-preview:-1"},"canonical":"https:\/\/aft-powders.com\/broyage-sous-gaz-neutre\/","og_locale":"sv_SE","og_type":"article","og_title":"[:fr]Broyage sous gaz neutre[:en]Grinding in a low-oxygen atmosphere[:sv]Malning under kv\u00e4vgas[:] - Auxiliaire de Fabrication et de Transformation","og_description":"Malning under skyddande kv\u00e4vgas Tj\u00e4nster Malning under skyddande kv\u00e4vgas Malning under syrefattig atmosf\u00e4r. Malning av er produkt under skyddande kv\u00e4vgas f\u00f6r att undvika oxidering och fukt. Med m\u00e5nga pulverbearbetnings tj\u00e4nster och 23 oberoende processhallar \u00e4r AFT en idealisk outsourcingpartner.","og_url":"https:\/\/aft-powders.com\/broyage-sous-gaz-neutre\/","og_site_name":"Auxiliaire de Fabrication et de Transformation","article_modified_time":"2024-06-25T06:36:24+00:00","og_image":[{"url":"https:\/\/aft-powders.com\/wp-content\/uploads\/2023\/11\/deco-slider.png","type":"","width":"","height":""}],"twitter_card":"summary_large_image","twitter_misc":{"Ber\u00e4knad l\u00e4stid":"1 minut"},"schema":{"@context":"https:\/\/schema.org","@graph":[{"@type":"WebPage","@id":"https:\/\/aft-powders.com\/broyage-sous-gaz-neutre\/","url":"https:\/\/aft-powders.com\/broyage-sous-gaz-neutre\/","name":"[:fr]Broyage sous gaz neutre[:en]Grinding in a low-oxygen atmosphere[:sv]Malning under kv\u00e4vgas[:] - Auxiliaire de Fabrication et de Transformation","isPartOf":{"@id":"https:\/\/aft-powders.com\/#website"},"primaryImageOfPage":{"@id":"https:\/\/aft-powders.com\/broyage-sous-gaz-neutre\/#primaryimage"},"image":{"@id":"https:\/\/aft-powders.com\/broyage-sous-gaz-neutre\/#primaryimage"},"thumbnailUrl":"https:\/\/aft-powders.com\/wp-content\/uploads\/2023\/11\/deco-slider.png","datePublished":"2023-12-12T14:08:26+00:00","dateModified":"2024-06-25T06:36:24+00:00","breadcrumb":{"@id":"https:\/\/aft-powders.com\/broyage-sous-gaz-neutre\/#breadcrumb"},"inLanguage":"sv-SE","potentialAction":[{"@type":"ReadAction","target":["https:\/\/aft-powders.com\/broyage-sous-gaz-neutre\/"]}]},{"@type":"ImageObject","inLanguage":"sv-SE","@id":"https:\/\/aft-powders.com\/broyage-sous-gaz-neutre\/#primaryimage","url":"https:\/\/aft-powders.com\/wp-content\/uploads\/2023\/11\/deco-slider.png","contentUrl":"https:\/\/aft-powders.com\/wp-content\/uploads\/2023\/11\/deco-slider.png"},{"@type":"BreadcrumbList","@id":"https:\/\/aft-powders.com\/broyage-sous-gaz-neutre\/#breadcrumb","itemListElement":[{"@type":"ListItem","position":1,"name":"Hemsida","item":"https:\/\/aft-powders.com\/"},{"@type":"ListItem","position":2,"name":"[:fr]Broyage sous gaz neutre[:en]Grinding in a low-oxygen atmosphere[:sv]Malning under kv\u00e4vgas[:]"}]},{"@type":"WebSite","@id":"https:\/\/aft-powders.com\/#website","url":"https:\/\/aft-powders.com\/","name":"Auxiliaire de Fabrication et de Transformation","description":"Traitement de poudres \u00e0 Ch\u00e2teau-Renault","publisher":{"@id":"https:\/\/aft-powders.com\/#\/schema\/person\/3a9d5f568466f7757e0abc8be3054d3c"},"potentialAction":[{"@type":"SearchAction","target":{"@type":"EntryPoint","urlTemplate":"https:\/\/aft-powders.com\/?s={search_term_string}"},"query-input":{"@type":"PropertyValueSpecification","valueRequired":true,"valueName":"search_term_string"}}],"inLanguage":"sv-SE"},{"@type":["Person","Organization"],"@id":"https:\/\/aft-powders.com\/#\/schema\/person\/3a9d5f568466f7757e0abc8be3054d3c","name":"IdeopointPOINTcom","logo":{"@id":"https:\/\/aft-powders.com\/#\/schema\/person\/image\/"},"sameAs":["https:\/\/aft-powders.com"]}]}},"_links":{"self":[{"href":"https:\/\/aft-powders.com\/sv\/wp-json\/wp\/v2\/pages\/5891","targetHints":{"allow":["GET"]}}],"collection":[{"href":"https:\/\/aft-powders.com\/sv\/wp-json\/wp\/v2\/pages"}],"about":[{"href":"https:\/\/aft-powders.com\/sv\/wp-json\/wp\/v2\/types\/page"}],"author":[{"embeddable":true,"href":"https:\/\/aft-powders.com\/sv\/wp-json\/wp\/v2\/users\/1"}],"replies":[{"embeddable":true,"href":"https:\/\/aft-powders.com\/sv\/wp-json\/wp\/v2\/comments?post=5891"}],"version-history":[{"count":71,"href":"https:\/\/aft-powders.com\/sv\/wp-json\/wp\/v2\/pages\/5891\/revisions"}],"predecessor-version":[{"id":10890,"href":"https:\/\/aft-powders.com\/sv\/wp-json\/wp\/v2\/pages\/5891\/revisions\/10890"}],"wp:attachment":[{"href":"https:\/\/aft-powders.com\/sv\/wp-json\/wp\/v2\/media?parent=5891"}],"curies":[{"name":"wp","href":"https:\/\/api.w.org\/{rel}","templated":true}]}}