{"id":21,"date":"2023-12-13T08:33:53","date_gmt":"2023-12-13T07:33:53","guid":{"rendered":"https:\/\/aft-powders.com\/?page_id=21"},"modified":"2024-03-19T09:28:20","modified_gmt":"2024-03-19T08:28:20","slug":"mentions-legales","status":"publish","type":"page","link":"https:\/\/aft-powders.com\/sv\/mentions-legales\/","title":{"rendered":"Mentions l\u00e9gales"},"content":{"rendered":"\t\t<div data-elementor-type=\"wp-page\" data-elementor-id=\"21\" class=\"elementor elementor-21\">\n\t\t\t\t\t\t<section class=\"elementor-section elementor-top-section elementor-element elementor-element-fd2a4ff elementor-section-full_width elementor-section-height-min-height elementor-section-height-default elementor-section-items-middle\" data-id=\"fd2a4ff\" data-element_type=\"section\" data-settings=\"{&quot;background_background&quot;:&quot;classic&quot;}\">\n\t\t\t\t\t\t\t<div class=\"elementor-background-overlay\"><\/div>\n\t\t\t\t\t\t\t<div class=\"elementor-container elementor-column-gap-default\">\n\t\t\t\t\t<div class=\"elementor-column elementor-col-100 elementor-top-column elementor-element elementor-element-4645db5\" data-id=\"4645db5\" data-element_type=\"column\">\n\t\t\t<div class=\"elementor-widget-wrap elementor-element-populated\">\n\t\t\t\t\t\t<section class=\"elementor-section elementor-inner-section elementor-element elementor-element-47e2c6c elementor-section-boxed elementor-section-height-default elementor-section-height-default\" data-id=\"47e2c6c\" data-element_type=\"section\">\n\t\t\t\t\t\t<div class=\"elementor-container elementor-column-gap-default\">\n\t\t\t\t\t<div class=\"elementor-column elementor-col-100 elementor-inner-column elementor-element elementor-element-d166aa4\" data-id=\"d166aa4\" data-element_type=\"column\">\n\t\t\t<div class=\"elementor-widget-wrap elementor-element-populated\">\n\t\t\t\t\t\t<div class=\"elementor-element elementor-element-0004fb3 arianne elementor-widget elementor-widget-shortcode\" data-id=\"0004fb3\" data-element_type=\"widget\" data-widget_type=\"shortcode.default\">\n\t\t\t\t<div class=\"elementor-widget-container\">\n\t\t\t\t\t\t\t<div class=\"elementor-shortcode\">\n\n\n\n<span><span><a href=\"https:\/\/aft-powders.com\/\">Hemsida<\/a><\/span><\/span>\n\n<\/div>\n\t\t\t\t\t\t<\/div>\n\t\t\t\t<\/div>\n\t\t\t\t<div class=\"elementor-element elementor-element-0e1d83f elementor-widget elementor-widget-heading\" data-id=\"0e1d83f\" data-element_type=\"widget\" data-widget_type=\"heading.default\">\n\t\t\t\t<div class=\"elementor-widget-container\">\n\t\t\t\t\t<h1 class=\"elementor-heading-title elementor-size-default\">Mentions l\u00e9gales<\/h1>\t\t\t\t<\/div>\n\t\t\t\t<\/div>\n\t\t\t\t<div class=\"elementor-element elementor-element-b1aa28b elementor-widget-divider--view-line elementor-widget elementor-widget-divider\" data-id=\"b1aa28b\" data-element_type=\"widget\" data-widget_type=\"divider.default\">\n\t\t\t\t<div class=\"elementor-widget-container\">\n\t\t\t\t\t\t\t<div class=\"elementor-divider\">\n\t\t\t<span class=\"elementor-divider-separator\">\n\t\t\t\t\t\t<\/span>\n\t\t<\/div>\n\t\t\t\t\t\t<\/div>\n\t\t\t\t<\/div>\n\t\t\t\t\t<\/div>\n\t\t<\/div>\n\t\t\t\t\t<\/div>\n\t\t<\/section>\n\t\t\t\t\t<\/div>\n\t\t<\/div>\n\t\t\t\t\t<\/div>\n\t\t<\/section>\n\t\t\t\t<section class=\"elementor-section elementor-top-section elementor-element elementor-element-94b2e25 elementor-section-boxed elementor-section-height-default elementor-section-height-default\" data-id=\"94b2e25\" data-element_type=\"section\">\n\t\t\t\t\t\t<div class=\"elementor-container elementor-column-gap-default\">\n\t\t\t\t\t<div class=\"elementor-column elementor-col-100 elementor-top-column elementor-element elementor-element-1a76db7\" data-id=\"1a76db7\" data-element_type=\"column\">\n\t\t\t<div class=\"elementor-widget-wrap elementor-element-populated\">\n\t\t\t\t\t\t<div class=\"elementor-element elementor-element-9f86e6b elementor-absolute elementor-hidden-tablet elementor-hidden-mobile elementor-widget elementor-widget-image\" data-id=\"9f86e6b\" data-element_type=\"widget\" data-settings=\"{&quot;_position&quot;:&quot;absolute&quot;}\" data-widget_type=\"image.default\">\n\t\t\t\t<div class=\"elementor-widget-container\">\n\t\t\t\t\t\t\t\t\t\t\t\t\t\t\t<img decoding=\"async\" src=\"https:\/\/aft-powders.com\/wp-content\/uploads\/2023\/11\/deco-slider.png\" title=\"deco-slider\" alt=\"\u00e9l\u00e9ment d\u00e9co\" loading=\"lazy\" \/>\t\t\t\t\t\t\t\t\t\t\t\t\t\t\t<\/div>\n\t\t\t\t<\/div>\n\t\t\t\t\t<\/div>\n\t\t<\/div>\n\t\t\t\t\t<\/div>\n\t\t<\/section>\n\t\t\t\t<section class=\"elementor-section elementor-top-section elementor-element elementor-element-3ce5afd elementor-section-full_width elementor-section-height-default elementor-section-height-default\" data-id=\"3ce5afd\" data-element_type=\"section\">\n\t\t\t\t\t\t<div class=\"elementor-container elementor-column-gap-default\">\n\t\t\t\t\t<div class=\"elementor-column elementor-col-100 elementor-top-column elementor-element elementor-element-64bdde0\" data-id=\"64bdde0\" data-element_type=\"column\">\n\t\t\t<div class=\"elementor-widget-wrap elementor-element-populated\">\n\t\t\t\t\t\t<section class=\"elementor-section elementor-inner-section elementor-element elementor-element-786ec86 elementor-section-boxed elementor-section-height-default elementor-section-height-default\" data-id=\"786ec86\" data-element_type=\"section\">\n\t\t\t\t\t\t<div class=\"elementor-container elementor-column-gap-no\">\n\t\t\t\t\t<div class=\"elementor-column elementor-col-100 elementor-inner-column elementor-element elementor-element-0fcb8ed\" data-id=\"0fcb8ed\" data-element_type=\"column\">\n\t\t\t<div class=\"elementor-widget-wrap elementor-element-populated\">\n\t\t\t\t\t\t<div class=\"elementor-element elementor-element-a22fe68 elementor-widget elementor-widget-heading\" data-id=\"a22fe68\" data-element_type=\"widget\" data-widget_type=\"heading.default\">\n\t\t\t\t<div class=\"elementor-widget-container\">\n\t\t\t\t\t<h2 class=\"elementor-heading-title elementor-size-default\">Objectif de l\u2019information diffus\u00e9e de ce site<\/h2>\t\t\t\t<\/div>\n\t\t\t\t<\/div>\n\t\t\t\t<div class=\"elementor-element elementor-element-4401d92 elementor-widget elementor-widget-text-editor\" data-id=\"4401d92\" data-element_type=\"widget\" data-widget_type=\"text-editor.default\">\n\t\t\t\t<div class=\"elementor-widget-container\">\n\t\t\t\t\t\t\t\t\t<p><\/p>\n<p><\/p>\n<p>Ce site met en avant le savoir-faire et les services propos\u00e9s par la soci\u00e9t\u00e9 A.F.T. MICROMACINAZIONE FRANCE, sp\u00e9cialis\u00e9 dans la transformation a fa\u00e7on de mati\u00e8re d&#8217;origine v\u00e9g\u00e9tale et de synthese<\/p>\n<p><\/p>\n<p><strong>Raison sociale<\/strong> : A.F.T. MICROMACINAZIONE FRANCE<br \/><strong>Forme juridique<\/strong> : Soci\u00e9t\u00e9 par actions simplifi\u00e9e<br \/><strong>Si\u00e8ge social<\/strong> : rue des Terres Blanches \u2013 Parc Industriel Ouest \u2013 37110 Ch\u00e2teau-Renault \u2013 FRANCE<br \/><strong>Capital social<\/strong> : 146 080 \u20ac<br \/><strong>D\u00e9partement<\/strong> : Indre-et-Loire (37)<br \/><strong>Adresse \u00e9lectronique<\/strong> : info@aft-powders.com<br \/><strong>Num\u00e9ro de t\u00e9l\u00e9phone<\/strong> : 02 47 29 62 73<\/p>\n<p><\/p>\n<p><span style=\"text-decoration: underline;\">Propri\u00e9t\u00e9 et coordonn\u00e9es de l\u2019\u00e9diteur du site :<\/span><br \/>Le site est la propri\u00e9t\u00e9 de la soci\u00e9t\u00e9 A.F.T. MICROMACINAZIONE FRANCE, il est administr\u00e9 en France et est h\u00e9berg\u00e9 par la Soci\u00e9t\u00e9 Ideo Point Com. Si\u00e8ge social : 5, Rue du four br\u00fbl\u00e9 \u2013 37110 Ch\u00e2teau-Renault<br \/><strong>Directeur de la publication<\/strong> : Mr Andersson<br \/><strong>Directeur de la r\u00e9daction<\/strong> : Mr Andersson<br \/><strong>Conception et d\u00e9veloppement<\/strong> : Ideo Point Com, 5 rue du four br\u00fbl\u00e9 \u00e0 Ch\u00e2teau-Renault \u2013 <a href=\"https:\/\/www.ideopoint.com\" target=\"_blank\" rel=\"noreferrer noopener\">www.ideopoint.com<\/a> \u2013 02 47 52 24 28<br \/><strong>Cr\u00e9ation de contenus<\/strong> : A.F.T. MICROMACINAZIONE FRANCE, situ\u00e9 rue des Terres Blanches &#8211; Parc Industriel Ouest &#8211; 37110 Ch\u00e2teau-Renault &#8211; FRANCE<br \/><strong>Coordonn\u00e9es de l\u2019h\u00e9bergeur du site<\/strong> : Ideo Point Com, 5 rue du four br\u00fbl\u00e9 \u00e0 Ch\u00e2teau-Renault \u2013\u00a0 <a href=\"https:\/\/www.ideopoint.com\" target=\"_blank\" rel=\"noreferrer noopener\">www.ideopoint.com<\/a> \u2013 02 47 52 24 28<\/p>\n<p><\/p>\t\t\t\t\t\t\t\t<\/div>\n\t\t\t\t<\/div>\n\t\t\t\t\t<\/div>\n\t\t<\/div>\n\t\t\t\t\t<\/div>\n\t\t<\/section>\n\t\t\t\t\t<\/div>\n\t\t<\/div>\n\t\t\t\t\t<\/div>\n\t\t<\/section>\n\t\t\t\t<section class=\"elementor-section elementor-top-section elementor-element elementor-element-2c7497e elementor-section-boxed elementor-section-height-default elementor-section-height-default\" data-id=\"2c7497e\" data-element_type=\"section\">\n\t\t\t\t\t\t<div class=\"elementor-container elementor-column-gap-default\">\n\t\t\t\t\t<div class=\"elementor-column elementor-col-100 elementor-top-column elementor-element elementor-element-8a10571\" data-id=\"8a10571\" data-element_type=\"column\">\n\t\t\t<div class=\"elementor-widget-wrap elementor-element-populated\">\n\t\t\t\t\t\t<div class=\"elementor-element elementor-element-5d47e20 elementor-widget-divider--view-line elementor-widget elementor-widget-divider\" data-id=\"5d47e20\" data-element_type=\"widget\" data-widget_type=\"divider.default\">\n\t\t\t\t<div class=\"elementor-widget-container\">\n\t\t\t\t\t\t\t<div class=\"elementor-divider\">\n\t\t\t<span class=\"elementor-divider-separator\">\n\t\t\t\t\t\t<\/span>\n\t\t<\/div>\n\t\t\t\t\t\t<\/div>\n\t\t\t\t<\/div>\n\t\t\t\t\t<\/div>\n\t\t<\/div>\n\t\t\t\t\t<\/div>\n\t\t<\/section>\n\t\t\t\t<\/div>\n\t\t","protected":false},"excerpt":{"rendered":"<p>Mentions l\u00e9gales Objectif de l\u2019information diffus\u00e9e de ce site Ce site met en avant le savoir-faire et les services propos\u00e9s par la soci\u00e9t\u00e9 A.F.T. MICROMACINAZIONE FRANCE, sp\u00e9cialis\u00e9 dans la transformation a fa\u00e7on de mati\u00e8re d&#8217;origine v\u00e9g\u00e9tale et de synthese Raison sociale : A.F.T. MICROMACINAZIONE FRANCEForme juridique : Soci\u00e9t\u00e9 par actions simplifi\u00e9eSi\u00e8ge social : rue des [&hellip;]<\/p>\n","protected":false},"author":1,"featured_media":0,"parent":0,"menu_order":0,"comment_status":"closed","ping_status":"open","template":"","meta":{"footnotes":""},"class_list":["post-21","page","type-page","status-publish","hentry"],"yoast_head":"<!-- This site is optimized with the Yoast SEO plugin v27.3 - https:\/\/yoast.com\/product\/yoast-seo-wordpress\/ -->\n<title>Mentions l\u00e9gales - Auxiliaire de Fabrication et de Transformation<\/title>\n<meta name=\"robots\" content=\"index, follow, max-snippet:-1, max-image-preview:large, max-video-preview:-1\" \/>\n<link rel=\"canonical\" href=\"https:\/\/aft-powders.com\/mentions-legales\/\" \/>\n<meta property=\"og:locale\" content=\"sv_SE\" \/>\n<meta property=\"og:type\" content=\"article\" \/>\n<meta property=\"og:title\" content=\"Mentions l\u00e9gales - Auxiliaire de Fabrication et de Transformation\" \/>\n<meta property=\"og:description\" content=\"Mentions l\u00e9gales Objectif de l\u2019information diffus\u00e9e de ce site Ce site met en avant le savoir-faire et les services propos\u00e9s par la soci\u00e9t\u00e9 A.F.T. MICROMACINAZIONE FRANCE, sp\u00e9cialis\u00e9 dans la transformation a fa\u00e7on de mati\u00e8re d&#8217;origine v\u00e9g\u00e9tale et de synthese Raison sociale : A.F.T. MICROMACINAZIONE FRANCEForme juridique : Soci\u00e9t\u00e9 par actions simplifi\u00e9eSi\u00e8ge social : rue des [&hellip;]\" \/>\n<meta property=\"og:url\" content=\"https:\/\/aft-powders.com\/mentions-legales\/\" \/>\n<meta property=\"og:site_name\" content=\"Auxiliaire de Fabrication et de Transformation\" \/>\n<meta property=\"article:modified_time\" content=\"2024-03-19T08:28:20+00:00\" \/>\n<meta property=\"og:image\" content=\"https:\/\/aft-powders.com\/wp-content\/uploads\/2023\/11\/deco-slider.png\" \/>\n<meta name=\"twitter:card\" content=\"summary_large_image\" \/>\n<meta name=\"twitter:label1\" content=\"Ber\u00e4knad l\u00e4stid\" \/>\n\t<meta name=\"twitter:data1\" content=\"2 minuter\" \/>\n<script type=\"application\/ld+json\" class=\"yoast-schema-graph\">{\"@context\":\"https:\\\/\\\/schema.org\",\"@graph\":[{\"@type\":\"WebPage\",\"@id\":\"https:\\\/\\\/aft-powders.com\\\/mentions-legales\\\/\",\"url\":\"https:\\\/\\\/aft-powders.com\\\/mentions-legales\\\/\",\"name\":\"Mentions l\u00e9gales - Auxiliaire de Fabrication et de Transformation\",\"isPartOf\":{\"@id\":\"https:\\\/\\\/aft-powders.com\\\/#website\"},\"primaryImageOfPage\":{\"@id\":\"https:\\\/\\\/aft-powders.com\\\/mentions-legales\\\/#primaryimage\"},\"image\":{\"@id\":\"https:\\\/\\\/aft-powders.com\\\/mentions-legales\\\/#primaryimage\"},\"thumbnailUrl\":\"https:\\\/\\\/aft-powders.com\\\/wp-content\\\/uploads\\\/2023\\\/11\\\/deco-slider.png\",\"datePublished\":\"2023-12-13T07:33:53+00:00\",\"dateModified\":\"2024-03-19T08:28:20+00:00\",\"breadcrumb\":{\"@id\":\"https:\\\/\\\/aft-powders.com\\\/mentions-legales\\\/#breadcrumb\"},\"inLanguage\":\"sv-SE\",\"potentialAction\":[{\"@type\":\"ReadAction\",\"target\":[\"https:\\\/\\\/aft-powders.com\\\/mentions-legales\\\/\"]}]},{\"@type\":\"ImageObject\",\"inLanguage\":\"sv-SE\",\"@id\":\"https:\\\/\\\/aft-powders.com\\\/mentions-legales\\\/#primaryimage\",\"url\":\"https:\\\/\\\/aft-powders.com\\\/wp-content\\\/uploads\\\/2023\\\/11\\\/deco-slider.png\",\"contentUrl\":\"https:\\\/\\\/aft-powders.com\\\/wp-content\\\/uploads\\\/2023\\\/11\\\/deco-slider.png\"},{\"@type\":\"BreadcrumbList\",\"@id\":\"https:\\\/\\\/aft-powders.com\\\/mentions-legales\\\/#breadcrumb\",\"itemListElement\":[{\"@type\":\"ListItem\",\"position\":1,\"name\":\"Hemsida\",\"item\":\"https:\\\/\\\/aft-powders.com\\\/\"},{\"@type\":\"ListItem\",\"position\":2,\"name\":\"Mentions l\u00e9gales\"}]},{\"@type\":\"WebSite\",\"@id\":\"https:\\\/\\\/aft-powders.com\\\/#website\",\"url\":\"https:\\\/\\\/aft-powders.com\\\/\",\"name\":\"Auxiliaire de Fabrication et de Transformation\",\"description\":\"Traitement de poudres \u00e0 Ch\u00e2teau-Renault\",\"publisher\":{\"@id\":\"https:\\\/\\\/aft-powders.com\\\/#\\\/schema\\\/person\\\/3a9d5f568466f7757e0abc8be3054d3c\"},\"potentialAction\":[{\"@type\":\"SearchAction\",\"target\":{\"@type\":\"EntryPoint\",\"urlTemplate\":\"https:\\\/\\\/aft-powders.com\\\/?s={search_term_string}\"},\"query-input\":{\"@type\":\"PropertyValueSpecification\",\"valueRequired\":true,\"valueName\":\"search_term_string\"}}],\"inLanguage\":\"sv-SE\"},{\"@type\":[\"Person\",\"Organization\"],\"@id\":\"https:\\\/\\\/aft-powders.com\\\/#\\\/schema\\\/person\\\/3a9d5f568466f7757e0abc8be3054d3c\",\"name\":\"IdeopointPOINTcom\",\"logo\":{\"@id\":\"https:\\\/\\\/aft-powders.com\\\/#\\\/schema\\\/person\\\/image\\\/\"},\"sameAs\":[\"https:\\\/\\\/aft-powders.com\"]}]}<\/script>\n<!-- \/ Yoast SEO plugin. -->","yoast_head_json":{"title":"Mentions l\u00e9gales - Auxiliaire de Fabrication et de Transformation","robots":{"index":"index","follow":"follow","max-snippet":"max-snippet:-1","max-image-preview":"max-image-preview:large","max-video-preview":"max-video-preview:-1"},"canonical":"https:\/\/aft-powders.com\/mentions-legales\/","og_locale":"sv_SE","og_type":"article","og_title":"Mentions l\u00e9gales - Auxiliaire de Fabrication et de Transformation","og_description":"Mentions l\u00e9gales Objectif de l\u2019information diffus\u00e9e de ce site Ce site met en avant le savoir-faire et les services propos\u00e9s par la soci\u00e9t\u00e9 A.F.T. MICROMACINAZIONE FRANCE, sp\u00e9cialis\u00e9 dans la transformation a fa\u00e7on de mati\u00e8re d&#8217;origine v\u00e9g\u00e9tale et de synthese Raison sociale : A.F.T. MICROMACINAZIONE FRANCEForme juridique : Soci\u00e9t\u00e9 par actions simplifi\u00e9eSi\u00e8ge social : rue des [&hellip;]","og_url":"https:\/\/aft-powders.com\/mentions-legales\/","og_site_name":"Auxiliaire de Fabrication et de Transformation","article_modified_time":"2024-03-19T08:28:20+00:00","og_image":[{"url":"https:\/\/aft-powders.com\/wp-content\/uploads\/2023\/11\/deco-slider.png","type":"","width":"","height":""}],"twitter_card":"summary_large_image","twitter_misc":{"Ber\u00e4knad l\u00e4stid":"2 minuter"},"schema":{"@context":"https:\/\/schema.org","@graph":[{"@type":"WebPage","@id":"https:\/\/aft-powders.com\/mentions-legales\/","url":"https:\/\/aft-powders.com\/mentions-legales\/","name":"Mentions l\u00e9gales - Auxiliaire de Fabrication et de Transformation","isPartOf":{"@id":"https:\/\/aft-powders.com\/#website"},"primaryImageOfPage":{"@id":"https:\/\/aft-powders.com\/mentions-legales\/#primaryimage"},"image":{"@id":"https:\/\/aft-powders.com\/mentions-legales\/#primaryimage"},"thumbnailUrl":"https:\/\/aft-powders.com\/wp-content\/uploads\/2023\/11\/deco-slider.png","datePublished":"2023-12-13T07:33:53+00:00","dateModified":"2024-03-19T08:28:20+00:00","breadcrumb":{"@id":"https:\/\/aft-powders.com\/mentions-legales\/#breadcrumb"},"inLanguage":"sv-SE","potentialAction":[{"@type":"ReadAction","target":["https:\/\/aft-powders.com\/mentions-legales\/"]}]},{"@type":"ImageObject","inLanguage":"sv-SE","@id":"https:\/\/aft-powders.com\/mentions-legales\/#primaryimage","url":"https:\/\/aft-powders.com\/wp-content\/uploads\/2023\/11\/deco-slider.png","contentUrl":"https:\/\/aft-powders.com\/wp-content\/uploads\/2023\/11\/deco-slider.png"},{"@type":"BreadcrumbList","@id":"https:\/\/aft-powders.com\/mentions-legales\/#breadcrumb","itemListElement":[{"@type":"ListItem","position":1,"name":"Hemsida","item":"https:\/\/aft-powders.com\/"},{"@type":"ListItem","position":2,"name":"Mentions l\u00e9gales"}]},{"@type":"WebSite","@id":"https:\/\/aft-powders.com\/#website","url":"https:\/\/aft-powders.com\/","name":"Auxiliaire de Fabrication et de Transformation","description":"Traitement de poudres \u00e0 Ch\u00e2teau-Renault","publisher":{"@id":"https:\/\/aft-powders.com\/#\/schema\/person\/3a9d5f568466f7757e0abc8be3054d3c"},"potentialAction":[{"@type":"SearchAction","target":{"@type":"EntryPoint","urlTemplate":"https:\/\/aft-powders.com\/?s={search_term_string}"},"query-input":{"@type":"PropertyValueSpecification","valueRequired":true,"valueName":"search_term_string"}}],"inLanguage":"sv-SE"},{"@type":["Person","Organization"],"@id":"https:\/\/aft-powders.com\/#\/schema\/person\/3a9d5f568466f7757e0abc8be3054d3c","name":"IdeopointPOINTcom","logo":{"@id":"https:\/\/aft-powders.com\/#\/schema\/person\/image\/"},"sameAs":["https:\/\/aft-powders.com"]}]}},"_links":{"self":[{"href":"https:\/\/aft-powders.com\/sv\/wp-json\/wp\/v2\/pages\/21","targetHints":{"allow":["GET"]}}],"collection":[{"href":"https:\/\/aft-powders.com\/sv\/wp-json\/wp\/v2\/pages"}],"about":[{"href":"https:\/\/aft-powders.com\/sv\/wp-json\/wp\/v2\/types\/page"}],"author":[{"embeddable":true,"href":"https:\/\/aft-powders.com\/sv\/wp-json\/wp\/v2\/users\/1"}],"replies":[{"embeddable":true,"href":"https:\/\/aft-powders.com\/sv\/wp-json\/wp\/v2\/comments?post=21"}],"version-history":[{"count":75,"href":"https:\/\/aft-powders.com\/sv\/wp-json\/wp\/v2\/pages\/21\/revisions"}],"predecessor-version":[{"id":10815,"href":"https:\/\/aft-powders.com\/sv\/wp-json\/wp\/v2\/pages\/21\/revisions\/10815"}],"wp:attachment":[{"href":"https:\/\/aft-powders.com\/sv\/wp-json\/wp\/v2\/media?parent=21"}],"curies":[{"name":"wp","href":"https:\/\/api.w.org\/{rel}","templated":true}]}}