{"id":81,"date":"2023-10-31T10:57:58","date_gmt":"2023-10-31T09:57:58","guid":{"rendered":"https:\/\/aft-powders.com\/?page_id=81"},"modified":"2024-03-19T09:26:05","modified_gmt":"2024-03-19T08:26:05","slug":"tamisage-selection-de-grains","status":"publish","type":"page","link":"https:\/\/aft-powders.com\/en\/tamisage-selection-de-grains\/","title":{"rendered":"Sifting, screening and selection"},"content":{"rendered":"\t\t<div data-elementor-type=\"wp-page\" data-elementor-id=\"81\" class=\"elementor elementor-81\">\n\t\t\t\t\t\t<section class=\"elementor-section elementor-top-section elementor-element elementor-element-265113e elementor-section-full_width elementor-section-height-min-height elementor-section-height-default elementor-section-items-middle\" data-id=\"265113e\" data-element_type=\"section\" data-settings=\"{&quot;background_background&quot;:&quot;classic&quot;}\">\n\t\t\t\t\t\t\t<div class=\"elementor-background-overlay\"><\/div>\n\t\t\t\t\t\t\t<div class=\"elementor-container elementor-column-gap-default\">\n\t\t\t\t\t<div class=\"elementor-column elementor-col-100 elementor-top-column elementor-element elementor-element-d230ca2\" data-id=\"d230ca2\" data-element_type=\"column\">\n\t\t\t<div class=\"elementor-widget-wrap elementor-element-populated\">\n\t\t\t\t\t\t<section class=\"elementor-section elementor-inner-section elementor-element elementor-element-a0ff070 elementor-section-boxed elementor-section-height-default elementor-section-height-default\" data-id=\"a0ff070\" data-element_type=\"section\">\n\t\t\t\t\t\t<div class=\"elementor-container elementor-column-gap-default\">\n\t\t\t\t\t<div class=\"elementor-column elementor-col-100 elementor-inner-column elementor-element elementor-element-7976a91\" data-id=\"7976a91\" data-element_type=\"column\">\n\t\t\t<div class=\"elementor-widget-wrap elementor-element-populated\">\n\t\t\t\t\t\t<div class=\"elementor-element elementor-element-60abfef arianne elementor-widget elementor-widget-shortcode\" data-id=\"60abfef\" data-element_type=\"widget\" data-widget_type=\"shortcode.default\">\n\t\t\t\t<div class=\"elementor-widget-container\">\n\t\t\t\t\t\t\t<div class=\"elementor-shortcode\">\n\n\n<span><span><a href=\"https:\/\/aft-powders.com\/\">Home<\/a><\/span><\/span>\n\n\n<\/div>\n\t\t\t\t\t\t<\/div>\n\t\t\t\t<\/div>\n\t\t\t\t<div class=\"elementor-element elementor-element-585a37c elementor-widget elementor-widget-heading\" data-id=\"585a37c\" data-element_type=\"widget\" data-widget_type=\"heading.default\">\n\t\t\t\t<div class=\"elementor-widget-container\">\n\t\t\t\t\t<h1 class=\"elementor-heading-title elementor-size-default\">\n\nSifting, screening and selection\n\n<\/h1>\t\t\t\t<\/div>\n\t\t\t\t<\/div>\n\t\t\t\t<div class=\"elementor-element elementor-element-7109543 elementor-widget-divider--view-line elementor-widget elementor-widget-divider\" data-id=\"7109543\" data-element_type=\"widget\" data-widget_type=\"divider.default\">\n\t\t\t\t<div class=\"elementor-widget-container\">\n\t\t\t\t\t\t\t<div class=\"elementor-divider\">\n\t\t\t<span class=\"elementor-divider-separator\">\n\t\t\t\t\t\t<\/span>\n\t\t<\/div>\n\t\t\t\t\t\t<\/div>\n\t\t\t\t<\/div>\n\t\t\t\t\t<\/div>\n\t\t<\/div>\n\t\t\t\t\t<\/div>\n\t\t<\/section>\n\t\t\t\t\t<\/div>\n\t\t<\/div>\n\t\t\t\t\t<\/div>\n\t\t<\/section>\n\t\t\t\t<section class=\"elementor-section elementor-top-section elementor-element elementor-element-d14b957 elementor-section-boxed elementor-section-height-default elementor-section-height-default\" data-id=\"d14b957\" data-element_type=\"section\">\n\t\t\t\t\t\t<div class=\"elementor-container elementor-column-gap-default\">\n\t\t\t\t\t<div class=\"elementor-column elementor-col-100 elementor-top-column elementor-element elementor-element-afff3f2\" data-id=\"afff3f2\" data-element_type=\"column\">\n\t\t\t<div class=\"elementor-widget-wrap elementor-element-populated\">\n\t\t\t\t\t\t<div class=\"elementor-element elementor-element-055448b elementor-absolute elementor-hidden-tablet elementor-hidden-mobile elementor-widget elementor-widget-image\" data-id=\"055448b\" data-element_type=\"widget\" data-settings=\"{&quot;_position&quot;:&quot;absolute&quot;}\" data-widget_type=\"image.default\">\n\t\t\t\t<div class=\"elementor-widget-container\">\n\t\t\t\t\t\t\t\t\t\t\t\t\t\t\t<img decoding=\"async\" src=\"https:\/\/aft-powders.com\/wp-content\/uploads\/2023\/11\/deco-slider.png\" title=\"deco-slider\" alt=\"\u00e9l\u00e9ment d\u00e9co\" loading=\"lazy\" \/>\t\t\t\t\t\t\t\t\t\t\t\t\t\t\t<\/div>\n\t\t\t\t<\/div>\n\t\t\t\t\t<\/div>\n\t\t<\/div>\n\t\t\t\t\t<\/div>\n\t\t<\/section>\n\t\t\t\t<section class=\"elementor-section elementor-top-section elementor-element elementor-element-b700555 elementor-section-boxed elementor-section-height-default elementor-section-height-default\" data-id=\"b700555\" data-element_type=\"section\">\n\t\t\t\t\t\t<div class=\"elementor-container elementor-column-gap-default\">\n\t\t\t\t\t<div class=\"elementor-column elementor-col-100 elementor-top-column elementor-element elementor-element-cb60ec0\" data-id=\"cb60ec0\" data-element_type=\"column\">\n\t\t\t<div class=\"elementor-widget-wrap elementor-element-populated\">\n\t\t\t\t\t\t<section class=\"elementor-section elementor-inner-section elementor-element elementor-element-c364633 about elementor-section-boxed elementor-section-height-default elementor-section-height-default\" data-id=\"c364633\" data-element_type=\"section\" data-settings=\"{&quot;background_background&quot;:&quot;classic&quot;}\">\n\t\t\t\t\t\t<div class=\"elementor-container elementor-column-gap-default\">\n\t\t\t\t\t<div class=\"elementor-column elementor-col-33 elementor-inner-column elementor-element elementor-element-f6c6f6c\" data-id=\"f6c6f6c\" data-element_type=\"column\">\n\t\t\t<div class=\"elementor-widget-wrap\">\n\t\t\t\t\t\t\t<\/div>\n\t\t<\/div>\n\t\t\t\t<div class=\"elementor-column elementor-col-33 elementor-inner-column elementor-element elementor-element-c704a5a\" data-id=\"c704a5a\" data-element_type=\"column\">\n\t\t\t<div class=\"elementor-widget-wrap elementor-element-populated\">\n\t\t\t\t\t\t<div class=\"elementor-element elementor-element-ed9e7d8 elementor-widget elementor-widget-heading\" data-id=\"ed9e7d8\" data-element_type=\"widget\" data-widget_type=\"heading.default\">\n\t\t\t\t<div class=\"elementor-widget-container\">\n\t\t\t\t\t<p class=\"elementor-heading-title elementor-size-default\">\n\nServices\n\n<\/p>\t\t\t\t<\/div>\n\t\t\t\t<\/div>\n\t\t\t\t<div class=\"elementor-element elementor-element-18403b5 elementor-widget elementor-widget-heading\" data-id=\"18403b5\" data-element_type=\"widget\" data-widget_type=\"heading.default\">\n\t\t\t\t<div class=\"elementor-widget-container\">\n\t\t\t\t\t<h2 class=\"elementor-heading-title elementor-size-default\">\n\nOne of the AFT's areas of expertise include<br \/> screening and dynamic separation\n\n<\/h2>\t\t\t\t<\/div>\n\t\t\t\t<\/div>\n\t\t\t\t<div class=\"elementor-element elementor-element-c7f8531 elementor-widget-divider--view-line elementor-widget elementor-widget-divider\" data-id=\"c7f8531\" data-element_type=\"widget\" data-widget_type=\"divider.default\">\n\t\t\t\t<div class=\"elementor-widget-container\">\n\t\t\t\t\t\t\t<div class=\"elementor-divider\">\n\t\t\t<span class=\"elementor-divider-separator\">\n\t\t\t\t\t\t<\/span>\n\t\t<\/div>\n\t\t\t\t\t\t<\/div>\n\t\t\t\t<\/div>\n\t\t\t\t\t<\/div>\n\t\t<\/div>\n\t\t\t\t<div class=\"elementor-column elementor-col-33 elementor-inner-column elementor-element elementor-element-9534cb5\" data-id=\"9534cb5\" data-element_type=\"column\">\n\t\t\t<div class=\"elementor-widget-wrap\">\n\t\t\t\t\t\t\t<\/div>\n\t\t<\/div>\n\t\t\t\t\t<\/div>\n\t\t<\/section>\n\t\t\t\t\t<\/div>\n\t\t<\/div>\n\t\t\t\t\t<\/div>\n\t\t<\/section>\n\t\t\t\t<section class=\"elementor-section elementor-top-section elementor-element elementor-element-34dec1f elementor-section-boxed elementor-section-height-default elementor-section-height-default\" data-id=\"34dec1f\" data-element_type=\"section\" id=\"fondgris\" data-settings=\"{&quot;background_background&quot;:&quot;gradient&quot;}\">\n\t\t\t\t\t\t\t<div class=\"elementor-background-overlay\"><\/div>\n\t\t\t\t\t\t\t<div class=\"elementor-container elementor-column-gap-default\">\n\t\t\t\t\t<div class=\"elementor-column elementor-col-100 elementor-top-column elementor-element elementor-element-ffe2434\" data-id=\"ffe2434\" data-element_type=\"column\">\n\t\t\t<div class=\"elementor-widget-wrap elementor-element-populated\">\n\t\t\t\t\t\t<section class=\"elementor-section elementor-inner-section elementor-element elementor-element-cc9adbf elementor-section-full_width elementor-section-height-default elementor-section-height-default\" data-id=\"cc9adbf\" data-element_type=\"section\">\n\t\t\t\t\t\t<div class=\"elementor-container elementor-column-gap-no\">\n\t\t\t\t\t<div class=\"elementor-column elementor-col-33 elementor-inner-column elementor-element elementor-element-72e72df\" data-id=\"72e72df\" data-element_type=\"column\">\n\t\t\t<div class=\"elementor-widget-wrap elementor-element-populated\">\n\t\t\t\t\t\t<div class=\"elementor-element elementor-element-aefd874 dots elementor-arrows-position-inside elementor-pagination-position-outside elementor-widget elementor-widget-image-carousel\" data-id=\"aefd874\" data-element_type=\"widget\" data-settings=\"{&quot;slides_to_show&quot;:&quot;1&quot;,&quot;effect&quot;:&quot;fade&quot;,&quot;autoplay_speed&quot;:2500,&quot;speed&quot;:600,&quot;navigation&quot;:&quot;both&quot;,&quot;autoplay&quot;:&quot;yes&quot;,&quot;pause_on_hover&quot;:&quot;yes&quot;,&quot;pause_on_interaction&quot;:&quot;yes&quot;,&quot;infinite&quot;:&quot;yes&quot;}\" data-widget_type=\"image-carousel.default\">\n\t\t\t\t<div class=\"elementor-widget-container\">\n\t\t\t\t\t\t\t<div class=\"elementor-image-carousel-wrapper swiper\" role=\"region\" aria-roledescription=\"carousel\" aria-label=\"Image Carousel\" dir=\"ltr\">\n\t\t\t<div class=\"elementor-image-carousel swiper-wrapper\" aria-live=\"off\">\n\t\t\t\t\t\t\t\t<div class=\"swiper-slide\" role=\"group\" aria-roledescription=\"slide\" aria-label=\"1 of 2\"><figure class=\"swiper-slide-inner\"><img decoding=\"async\" class=\"swiper-slide-image\" src=\"https:\/\/aft-powders.com\/wp-content\/uploads\/2024\/01\/tamisage-selection-de-grains-aft-1.jpg\" alt=\"Tamisage et s\u00e9lection de grains, AFT Chateau Renault\" \/><\/figure><\/div><div class=\"swiper-slide\" role=\"group\" aria-roledescription=\"slide\" aria-label=\"2 of 2\"><figure class=\"swiper-slide-inner\"><img decoding=\"async\" class=\"swiper-slide-image\" src=\"https:\/\/aft-powders.com\/wp-content\/uploads\/2024\/01\/tamisage-selection-de-grains-aft-2.jpg\" alt=\"Tamisage et s\u00e9lection de grains, AFT Chateau Renault\" \/><\/figure><\/div>\t\t\t<\/div>\n\t\t\t\t\t\t\t\t\t\t\t\t<div class=\"elementor-swiper-button elementor-swiper-button-prev\" role=\"button\" tabindex=\"0\">\n\t\t\t\t\t\t<i aria-hidden=\"true\" class=\"icon icon-chevron-left\"><\/i>\t\t\t\t\t<\/div>\n\t\t\t\t\t<div class=\"elementor-swiper-button elementor-swiper-button-next\" role=\"button\" tabindex=\"0\">\n\t\t\t\t\t\t<i aria-hidden=\"true\" class=\"icon icon-chevron-right\"><\/i>\t\t\t\t\t<\/div>\n\t\t\t\t\n\t\t\t\t\t\t\t\t\t<div class=\"swiper-pagination\"><\/div>\n\t\t\t\t\t\t\t\t\t<\/div>\n\t\t\t\t\t\t<\/div>\n\t\t\t\t<\/div>\n\t\t\t\t\t<\/div>\n\t\t<\/div>\n\t\t\t\t<div class=\"elementor-column elementor-col-33 elementor-inner-column elementor-element elementor-element-2da4bc5 elementor-hidden-tablet elementor-hidden-mobile\" data-id=\"2da4bc5\" data-element_type=\"column\">\n\t\t\t<div class=\"elementor-widget-wrap\">\n\t\t\t\t\t\t\t<\/div>\n\t\t<\/div>\n\t\t\t\t<div class=\"elementor-column elementor-col-33 elementor-inner-column elementor-element elementor-element-e72ada9\" data-id=\"e72ada9\" data-element_type=\"column\">\n\t\t\t<div class=\"elementor-widget-wrap elementor-element-populated\">\n\t\t\t\t\t\t<div class=\"elementor-element elementor-element-ea70831 elementor-widget elementor-widget-text-editor\" data-id=\"ea70831\" data-element_type=\"widget\" data-widget_type=\"text-editor.default\">\n\t\t\t\t<div class=\"elementor-widget-container\">\n\t\t\t\t\t\t\t\t\t<div><div><\/div><div><\/div><div>This expertise is used among others to calibrate the powder, ie, remove large and small grains in order to maintain the desired size, as well as safety-sifting.<\/div><div><\/div><div><\/div><\/div>\t\t\t\t\t\t\t\t<\/div>\n\t\t\t\t<\/div>\n\t\t\t\t\t<\/div>\n\t\t<\/div>\n\t\t\t\t\t<\/div>\n\t\t<\/section>\n\t\t\t\t\t<\/div>\n\t\t<\/div>\n\t\t\t\t\t<\/div>\n\t\t<\/section>\n\t\t\t\t<section class=\"elementor-section elementor-top-section elementor-element elementor-element-64a0286 elementor-section-full_width elementor-section-height-min-height elementor-section-height-default elementor-section-items-middle\" data-id=\"64a0286\" data-element_type=\"section\" data-settings=\"{&quot;background_background&quot;:&quot;classic&quot;}\">\n\t\t\t\t\t\t\t<div class=\"elementor-background-overlay\"><\/div>\n\t\t\t\t\t\t\t<div class=\"elementor-container elementor-column-gap-default\">\n\t\t\t\t\t<div class=\"elementor-column elementor-col-100 elementor-top-column elementor-element elementor-element-bf61c8b\" data-id=\"bf61c8b\" data-element_type=\"column\">\n\t\t\t<div class=\"elementor-widget-wrap elementor-element-populated\">\n\t\t\t\t\t\t<section class=\"elementor-section elementor-inner-section elementor-element elementor-element-20ca906 elementor-section-boxed elementor-section-height-default elementor-section-height-default\" data-id=\"20ca906\" data-element_type=\"section\">\n\t\t\t\t\t\t<div class=\"elementor-container elementor-column-gap-default\">\n\t\t\t\t\t<div class=\"elementor-column elementor-col-100 elementor-inner-column elementor-element elementor-element-b3cd896\" data-id=\"b3cd896\" data-element_type=\"column\">\n\t\t\t<div class=\"elementor-widget-wrap elementor-element-populated\">\n\t\t\t\t\t\t<div class=\"elementor-element elementor-element-e825ffa elementor-widget__width-initial elementor-widget elementor-widget-heading\" data-id=\"e825ffa\" data-element_type=\"widget\" data-widget_type=\"heading.default\">\n\t\t\t\t<div class=\"elementor-widget-container\">\n\t\t\t\t\t<p class=\"elementor-heading-title elementor-size-default\">\n\nWith diverse powder processing services, and 23 independent workshops, AFT is your ideal outsourcing partner.\n\n<\/p>\t\t\t\t<\/div>\n\t\t\t\t<\/div>\n\t\t\t\t\t<\/div>\n\t\t<\/div>\n\t\t\t\t\t<\/div>\n\t\t<\/section>\n\t\t\t\t\t<\/div>\n\t\t<\/div>\n\t\t\t\t\t<\/div>\n\t\t<\/section>\n\t\t\t\t<\/div>\n\t\t","protected":false},"excerpt":{"rendered":"<p>Sifting, screening and selection Services One of the AFT&#8217;s areas of expertise include screening and dynamic separation This expertise is used among others to calibrate the powder, ie, remove large and small grains in order to maintain the desired size, as well as safety-sifting. With diverse powder processing services, and 23 independent workshops, AFT is [&hellip;]<\/p>\n","protected":false},"author":1,"featured_media":0,"parent":0,"menu_order":0,"comment_status":"closed","ping_status":"closed","template":"","meta":{"footnotes":""},"class_list":["post-81","page","type-page","status-publish","hentry"],"yoast_head":"<!-- This site is optimized with the Yoast SEO plugin v27.3 - https:\/\/yoast.com\/product\/yoast-seo-wordpress\/ -->\n<title>Sifting, screening and selection - Auxiliaire de Fabrication et de Transformation<\/title>\n<meta name=\"robots\" content=\"index, follow, max-snippet:-1, max-image-preview:large, max-video-preview:-1\" \/>\n<link rel=\"canonical\" href=\"https:\/\/aft-powders.com\/tamisage-selection-de-grains\/\" \/>\n<meta property=\"og:locale\" content=\"en_US\" \/>\n<meta property=\"og:type\" content=\"article\" \/>\n<meta property=\"og:title\" content=\"[:fr]Tamisage \/ s\u00e9lection de grains[:en]Sifting, screening and selection[:sv]Siktning &amp; dynamisk separering[:] - Auxiliaire de Fabrication et de Transformation\" \/>\n<meta property=\"og:description\" content=\"Sifting, screening and selection Services One of the AFT&#8217;s areas of expertise include screening and dynamic separation This expertise is used among others to calibrate the powder, ie, remove large and small grains in order to maintain the desired size, as well as safety-sifting. With diverse powder processing services, and 23 independent workshops, AFT is [&hellip;]\" \/>\n<meta property=\"og:url\" content=\"https:\/\/aft-powders.com\/tamisage-selection-de-grains\/\" \/>\n<meta property=\"og:site_name\" content=\"Auxiliaire de Fabrication et de Transformation\" \/>\n<meta property=\"article:modified_time\" content=\"2024-03-19T08:26:05+00:00\" \/>\n<meta property=\"og:image\" content=\"https:\/\/aft-powders.com\/wp-content\/uploads\/2023\/11\/deco-slider.png\" \/>\n<meta name=\"twitter:card\" content=\"summary_large_image\" \/>\n<meta name=\"twitter:label1\" content=\"Est. reading time\" \/>\n\t<meta name=\"twitter:data1\" content=\"3 minutes\" \/>\n<script type=\"application\/ld+json\" class=\"yoast-schema-graph\">{\"@context\":\"https:\\\/\\\/schema.org\",\"@graph\":[{\"@type\":\"WebPage\",\"@id\":\"https:\\\/\\\/aft-powders.com\\\/tamisage-selection-de-grains\\\/\",\"url\":\"https:\\\/\\\/aft-powders.com\\\/tamisage-selection-de-grains\\\/\",\"name\":\"[:fr]Tamisage \\\/ s\u00e9lection de grains[:en]Sifting, screening and selection[:sv]Siktning & dynamisk separering[:] - Auxiliaire de Fabrication et de Transformation\",\"isPartOf\":{\"@id\":\"https:\\\/\\\/aft-powders.com\\\/#website\"},\"primaryImageOfPage\":{\"@id\":\"https:\\\/\\\/aft-powders.com\\\/tamisage-selection-de-grains\\\/#primaryimage\"},\"image\":{\"@id\":\"https:\\\/\\\/aft-powders.com\\\/tamisage-selection-de-grains\\\/#primaryimage\"},\"thumbnailUrl\":\"https:\\\/\\\/aft-powders.com\\\/wp-content\\\/uploads\\\/2023\\\/11\\\/deco-slider.png\",\"datePublished\":\"2023-10-31T09:57:58+00:00\",\"dateModified\":\"2024-03-19T08:26:05+00:00\",\"breadcrumb\":{\"@id\":\"https:\\\/\\\/aft-powders.com\\\/tamisage-selection-de-grains\\\/#breadcrumb\"},\"inLanguage\":\"en-US\",\"potentialAction\":[{\"@type\":\"ReadAction\",\"target\":[\"https:\\\/\\\/aft-powders.com\\\/tamisage-selection-de-grains\\\/\"]}]},{\"@type\":\"ImageObject\",\"inLanguage\":\"en-US\",\"@id\":\"https:\\\/\\\/aft-powders.com\\\/tamisage-selection-de-grains\\\/#primaryimage\",\"url\":\"https:\\\/\\\/aft-powders.com\\\/wp-content\\\/uploads\\\/2023\\\/11\\\/deco-slider.png\",\"contentUrl\":\"https:\\\/\\\/aft-powders.com\\\/wp-content\\\/uploads\\\/2023\\\/11\\\/deco-slider.png\"},{\"@type\":\"BreadcrumbList\",\"@id\":\"https:\\\/\\\/aft-powders.com\\\/tamisage-selection-de-grains\\\/#breadcrumb\",\"itemListElement\":[{\"@type\":\"ListItem\",\"position\":1,\"name\":\"Home\",\"item\":\"https:\\\/\\\/aft-powders.com\\\/\"},{\"@type\":\"ListItem\",\"position\":2,\"name\":\"[:fr]Tamisage \\\/ s\u00e9lection de grains[:en]Sifting, screening and selection[:sv]Siktning &#038; dynamisk separering[:]\"}]},{\"@type\":\"WebSite\",\"@id\":\"https:\\\/\\\/aft-powders.com\\\/#website\",\"url\":\"https:\\\/\\\/aft-powders.com\\\/\",\"name\":\"Auxiliaire de Fabrication et de Transformation\",\"description\":\"Traitement de poudres \u00e0 Ch\u00e2teau-Renault\",\"publisher\":{\"@id\":\"https:\\\/\\\/aft-powders.com\\\/#\\\/schema\\\/person\\\/3a9d5f568466f7757e0abc8be3054d3c\"},\"potentialAction\":[{\"@type\":\"SearchAction\",\"target\":{\"@type\":\"EntryPoint\",\"urlTemplate\":\"https:\\\/\\\/aft-powders.com\\\/?s={search_term_string}\"},\"query-input\":{\"@type\":\"PropertyValueSpecification\",\"valueRequired\":true,\"valueName\":\"search_term_string\"}}],\"inLanguage\":\"en-US\"},{\"@type\":[\"Person\",\"Organization\"],\"@id\":\"https:\\\/\\\/aft-powders.com\\\/#\\\/schema\\\/person\\\/3a9d5f568466f7757e0abc8be3054d3c\",\"name\":\"IdeopointPOINTcom\",\"logo\":{\"@id\":\"https:\\\/\\\/aft-powders.com\\\/#\\\/schema\\\/person\\\/image\\\/\"},\"sameAs\":[\"https:\\\/\\\/aft-powders.com\"]}]}<\/script>\n<!-- \/ Yoast SEO plugin. -->","yoast_head_json":{"title":"[:fr]Tamisage \/ s\u00e9lection de grains[:en]Sifting, screening and selection[:sv]Siktning & dynamisk separering[:] - Auxiliaire de Fabrication et de Transformation","robots":{"index":"index","follow":"follow","max-snippet":"max-snippet:-1","max-image-preview":"max-image-preview:large","max-video-preview":"max-video-preview:-1"},"canonical":"https:\/\/aft-powders.com\/tamisage-selection-de-grains\/","og_locale":"en_US","og_type":"article","og_title":"[:fr]Tamisage \/ s\u00e9lection de grains[:en]Sifting, screening and selection[:sv]Siktning & dynamisk separering[:] - Auxiliaire de Fabrication et de Transformation","og_description":"Sifting, screening and selection Services One of the AFT&#8217;s areas of expertise include screening and dynamic separation This expertise is used among others to calibrate the powder, ie, remove large and small grains in order to maintain the desired size, as well as safety-sifting. With diverse powder processing services, and 23 independent workshops, AFT is [&hellip;]","og_url":"https:\/\/aft-powders.com\/tamisage-selection-de-grains\/","og_site_name":"Auxiliaire de Fabrication et de Transformation","article_modified_time":"2024-03-19T08:26:05+00:00","og_image":[{"url":"https:\/\/aft-powders.com\/wp-content\/uploads\/2023\/11\/deco-slider.png","type":"","width":"","height":""}],"twitter_card":"summary_large_image","twitter_misc":{"Est. reading time":"3 minutes"},"schema":{"@context":"https:\/\/schema.org","@graph":[{"@type":"WebPage","@id":"https:\/\/aft-powders.com\/tamisage-selection-de-grains\/","url":"https:\/\/aft-powders.com\/tamisage-selection-de-grains\/","name":"[:fr]Tamisage \/ s\u00e9lection de grains[:en]Sifting, screening and selection[:sv]Siktning & dynamisk separering[:] - Auxiliaire de Fabrication et de Transformation","isPartOf":{"@id":"https:\/\/aft-powders.com\/#website"},"primaryImageOfPage":{"@id":"https:\/\/aft-powders.com\/tamisage-selection-de-grains\/#primaryimage"},"image":{"@id":"https:\/\/aft-powders.com\/tamisage-selection-de-grains\/#primaryimage"},"thumbnailUrl":"https:\/\/aft-powders.com\/wp-content\/uploads\/2023\/11\/deco-slider.png","datePublished":"2023-10-31T09:57:58+00:00","dateModified":"2024-03-19T08:26:05+00:00","breadcrumb":{"@id":"https:\/\/aft-powders.com\/tamisage-selection-de-grains\/#breadcrumb"},"inLanguage":"en-US","potentialAction":[{"@type":"ReadAction","target":["https:\/\/aft-powders.com\/tamisage-selection-de-grains\/"]}]},{"@type":"ImageObject","inLanguage":"en-US","@id":"https:\/\/aft-powders.com\/tamisage-selection-de-grains\/#primaryimage","url":"https:\/\/aft-powders.com\/wp-content\/uploads\/2023\/11\/deco-slider.png","contentUrl":"https:\/\/aft-powders.com\/wp-content\/uploads\/2023\/11\/deco-slider.png"},{"@type":"BreadcrumbList","@id":"https:\/\/aft-powders.com\/tamisage-selection-de-grains\/#breadcrumb","itemListElement":[{"@type":"ListItem","position":1,"name":"Home","item":"https:\/\/aft-powders.com\/"},{"@type":"ListItem","position":2,"name":"[:fr]Tamisage \/ s\u00e9lection de grains[:en]Sifting, screening and selection[:sv]Siktning &#038; dynamisk separering[:]"}]},{"@type":"WebSite","@id":"https:\/\/aft-powders.com\/#website","url":"https:\/\/aft-powders.com\/","name":"Auxiliaire de Fabrication et de Transformation","description":"Traitement de poudres \u00e0 Ch\u00e2teau-Renault","publisher":{"@id":"https:\/\/aft-powders.com\/#\/schema\/person\/3a9d5f568466f7757e0abc8be3054d3c"},"potentialAction":[{"@type":"SearchAction","target":{"@type":"EntryPoint","urlTemplate":"https:\/\/aft-powders.com\/?s={search_term_string}"},"query-input":{"@type":"PropertyValueSpecification","valueRequired":true,"valueName":"search_term_string"}}],"inLanguage":"en-US"},{"@type":["Person","Organization"],"@id":"https:\/\/aft-powders.com\/#\/schema\/person\/3a9d5f568466f7757e0abc8be3054d3c","name":"IdeopointPOINTcom","logo":{"@id":"https:\/\/aft-powders.com\/#\/schema\/person\/image\/"},"sameAs":["https:\/\/aft-powders.com"]}]}},"_links":{"self":[{"href":"https:\/\/aft-powders.com\/en\/wp-json\/wp\/v2\/pages\/81","targetHints":{"allow":["GET"]}}],"collection":[{"href":"https:\/\/aft-powders.com\/en\/wp-json\/wp\/v2\/pages"}],"about":[{"href":"https:\/\/aft-powders.com\/en\/wp-json\/wp\/v2\/types\/page"}],"author":[{"embeddable":true,"href":"https:\/\/aft-powders.com\/en\/wp-json\/wp\/v2\/users\/1"}],"replies":[{"embeddable":true,"href":"https:\/\/aft-powders.com\/en\/wp-json\/wp\/v2\/comments?post=81"}],"version-history":[{"count":125,"href":"https:\/\/aft-powders.com\/en\/wp-json\/wp\/v2\/pages\/81\/revisions"}],"predecessor-version":[{"id":10803,"href":"https:\/\/aft-powders.com\/en\/wp-json\/wp\/v2\/pages\/81\/revisions\/10803"}],"wp:attachment":[{"href":"https:\/\/aft-powders.com\/en\/wp-json\/wp\/v2\/media?parent=81"}],"curies":[{"name":"wp","href":"https:\/\/api.w.org\/{rel}","templated":true}]}}